{"id":7580,"date":"2026-02-26T08:47:34","date_gmt":"2026-02-26T08:47:34","guid":{"rendered":"https:\/\/ewosbedding.com\/?post_type=product&#038;p=7580"},"modified":"2026-02-26T11:04:06","modified_gmt":"2026-02-26T11:04:06","slug":"lumiere","status":"publish","type":"product","link":"https:\/\/ewosbedding.com\/?product=lumiere","title":{"rendered":"Lumiere"},"content":{"rendered":"<p>[vc_row content_placement=&#8221;top&#8221; woodmart_bg_position=&#8221;left-top&#8221; css=&#8221;.vc_custom_1624059291166{margin-bottom: 6vh !important;padding-top: 40px !important;background-image: url(https:\/\/ewosbedding.com\/wp-content\/uploads\/2021\/06\/w-investment-bg-top.svg?id=) !important;background-position: 0 0 !important;background-repeat: no-repeat !important;}&#8221; mobile_bg_img_hidden=&#8221;no&#8221; tablet_bg_img_hidden=&#8221;no&#8221; woodmart_parallax=&#8221;0&#8243; woodmart_gradient_switch=&#8221;no&#8221; row_reverse_mobile=&#8221;1&#8243; row_reverse_tablet=&#8221;1&#8243; woodmart_disable_overflow=&#8221;0&#8243;][vc_column width=&#8221;7\/12&#8243; offset=&#8221;vc_col-lg-7 vc_col-md-6 vc_col-xs-12&#8243; mobile_bg_img_hidden=&#8221;no&#8221; tablet_bg_img_hidden=&#8221;no&#8221; woodmart_parallax=&#8221;0&#8243; woodmart_sticky_column=&#8221;false&#8221; parallax_scroll=&#8221;no&#8221; mobile_reset_margin=&#8221;no&#8221; tablet_reset_margin=&#8221;no&#8221; css=&#8221;.vc_custom_1624212656883{margin-bottom: 4vh !important;padding-top: 0px !important;}&#8221;]\t\n\t\t\t<div id=\"wd-60cd287e4dc44\" class=\"woodmart-text-block-wrapper color-scheme-custom woodmart-title-size-custom woodmart-title-width-90 text-left \">\n\t\t\t\t<div class=\"woodmart-title-container woodmart-text-block font-alt woodmart-font-weight-\">\n\t\t\t\t\t<\/p>\n<h5>\u00d6ZELL\u0130KLER<\/h5>\n<p>\t\t\t\t<\/div>\n\t\t\t\t\t\n\t\t\t<\/div>\n\t\t\t\n\t\t\t<div id=\"wd-60d9965f595d2\" class=\"woodmart-text-block-wrapper color-scheme- woodmart-title-size-custom woodmart-title-width-90 text-left \">\n\t\t\t\t<div class=\"woodmart-title-container woodmart-text-block font-text woodmart-font-weight-\">\n\t\t\t\t\tBirbirinden ba\u011f\u0131ms\u0131z \u00e7al\u0131\u015fan, farkl\u0131 y\u00fckseklikteki \u00f6zel Amerikan High-Low yay sisteminin e\u015fsiz deste\u011fi, v\u00fccudun de\u011fi\u015fik a\u011f\u0131rl\u0131k noktalar\u0131na ve k\u0131vr\u0131mlar\u0131na g\u00f6re, e\u015flerin yata\u011fa uygulad\u0131\u011f\u0131 farkl\u0131 bas\u0131n\u00e7tan etkilenmelerini \u00f6nler. Bu \u00f6zel yatakta kullan\u0131lan viskon kuma\u015f\u0131n yumu\u015fak tu\u015fesi, konforlu bir y\u00fczey yap\u0131s\u0131 sunar ve nem alma \u00f6zelli\u011fi ile v\u00fccudu daha serin tutar.\t\t\t\t<\/div>\n\t\t\t\t\t\n\t\t\t<\/div>\n\t\t[vc_row_inner row_reverse_mobile=&#8221;0&#8243; row_reverse_tablet=&#8221;0&#8243; css=&#8221;.vc_custom_1620831346411{margin-top: 20px !important;}&#8221;][vc_column_inner width=&#8221;1\/2&#8243; css=&#8221;.vc_custom_1624219930750{margin-right: 1px !important;padding-top: 0px !important;}&#8221; offset=&#8221;vc_col-lg-7&#8243;]\t\t\t<div class=\"info-box-wrapper \">\n\t\t\t\t<div id=\"wd-60fff27120bba\" class=\" woodmart-info-box text-left box-icon-align-top box-style- color-scheme- woodmart-bg-none box-title-custom \"  >\n\t\t\t\t\t\t\t\t\t\t\t<div class=\"box-icon-wrapper  box-with-icon box-icon-simple\">\n\t\t\t\t\t\t\t<div class=\"info-box-icon\">\n\n\t\t\t\t\t\t\t\n\t\t\t\t\t\t\t\t\t\t\t\t\t\t\t\t\t<img loading=\"lazy\" decoding=\"async\" class=\"info-icon image-1 \" src=\"https:\/\/ewosbedding.com\/wp-content\/uploads\/2021\/06\/high-low-yay-sistemi-retro.jpg\" width=\"768\" height=\"550\" alt=\"high-low-yay-sistemi-retro\" title=\"high-low-yay-sistemi-retro\" \/>\t\t\t\t\t\t\t\t\t\t\t\t\t\t\t\t\n\t\t\t\t\t\t\t\n\t\t\t\t\t\t\t<\/div>\n\t\t\t\t\t\t<\/div>\n\t\t\t\t\t\t\t\t\t\t<div class=\"info-box-content\">\n\t\t\t\t\t\t<h4 class=\"info-box-title woodmart-font-weight-600 box-title-style-default font-alt\">High Low Yay Sistemi<\/h4>\t\t\t\t\t\t<div class=\"info-box-inner reset-mb-10\">\n\t\t\t\t\t\t\t<\/p>\n<div class=\"Informations\">\n<div class=\"icerik\">\n<p>High-Low Yay sistemi, biri uzun di\u011feri k\u0131sa yaylardan olu\u015fur. Uzun yaylar, mevcut m\u00fckemmel omurga deste\u011fi \u00f6ncesinde v\u00fccudu yumu\u015fak \u015fekilde kar\u015f\u0131lar, uzun yaylar y\u00fckseklik kaybettik\u00e7e k\u0131sa yaylar devreye girer. V\u00fccuda destek gereken b\u00f6lgelerde t\u00fcm yaylar ayn\u0131 anda \u00e7al\u0131\u015farak, v\u00fccut profili nas\u0131l olursa olsun, kusursuz bir omurga deste\u011fi sa\u011flar.<\/p>\n<\/div>\n<\/div>\n<p>\n\t\t\t\t\t\t<\/div>\n\n\t\t\t\t\t\t\t\t\t\t\t\t\n\t\t\t\t\t<\/div>\n\n\t\t\t\t\t\t\t\t\t<\/div>\n\t\t\t<\/div>\n\t\t[\/vc_column_inner][vc_column_inner width=&#8221;1\/2&#8243; css=&#8221;.vc_custom_1624219942397{margin-left: 1px !important;padding-top: 0px !important;}&#8221; offset=&#8221;vc_col-lg-5&#8243;]\t\t\t<div class=\"info-box-wrapper \">\n\t\t\t\t<div id=\"wd-60cfa48c7433e\" class=\" woodmart-info-box text-left box-icon-align-right box-style- color-scheme- woodmart-bg-none box-title-custom \"  >\n\t\t\t\t\t\t\t\t\t\t\t<div class=\"box-icon-wrapper  box-with-icon box-icon-simple\">\n\t\t\t\t\t\t\t<div class=\"info-box-icon\">\n\n\t\t\t\t\t\t\t\n\t\t\t\t\t\t\t\t\t\t\t\t\t\t\t\t\t<img loading=\"lazy\" decoding=\"async\" class=\"info-icon image-1 \" src=\"https:\/\/ewosbedding.com\/wp-content\/uploads\/2021\/06\/cift-cekirdek-detay-e1624219810417.jpg\" width=\"512\" height=\"549\" alt=\"cift-cekirdek-detay\" title=\"cift-cekirdek-detay\" \/>\t\t\t\t\t\t\t\t\t\t\t\t\t\t\t\t\n\t\t\t\t\t\t\t\n\t\t\t\t\t\t\t<\/div>\n\t\t\t\t\t\t<\/div>\n\t\t\t\t\t\t\t\t\t\t<div class=\"info-box-content\">\n\t\t\t\t\t\t<h4 class=\"info-box-title woodmart-font-weight-600 box-title-style-default font-alt\">\u00c7ift \u00c7ekirdek<\/h4>\t\t\t\t\t\t<div class=\"info-box-inner reset-mb-10\">\n\t\t\t\t\t\t\t<p>E\u015flerin uyku esnas\u0131nda birbirlerinin d\u00f6n\u00fc\u015f hareketlerinden rahats\u0131zl\u0131k duymalar\u0131n\u0131 engeller.<\/p>\n\t\t\t\t\t\t<\/div>\n\n\t\t\t\t\t\t\t\t\t\t\t\t\n\t\t\t\t\t<\/div>\n\n\t\t\t\t\t\t\t\t\t<\/div>\n\t\t\t<\/div>\n\t\t\t\t\t<div class=\"info-box-wrapper \">\n\t\t\t\t<div id=\"wd-60fff1eebf874\" class=\" woodmart-info-box text-left box-icon-align-top box-style- color-scheme- woodmart-bg-none box-title-custom \"  >\n\t\t\t\t\t\t\t\t\t\t\t<div class=\"box-icon-wrapper  box-with-icon box-icon-simple\">\n\t\t\t\t\t\t\t<div class=\"info-box-icon\">\n\n\t\t\t\t\t\t\t\n\t\t\t\t\t\t\t\t\t\t\t\t\t\t\t\t\t<img loading=\"lazy\" decoding=\"async\" class=\"info-icon image-1 \" src=\"https:\/\/ewosbedding.com\/wp-content\/uploads\/2021\/06\/viscon-kumas-retro.jpg\" width=\"768\" height=\"550\" alt=\"viscon-kumas-retro\" title=\"viscon-kumas-retro\" \/>\t\t\t\t\t\t\t\t\t\t\t\t\t\t\t\t\n\t\t\t\t\t\t\t\n\t\t\t\t\t\t\t<\/div>\n\t\t\t\t\t\t<\/div>\n\t\t\t\t\t\t\t\t\t\t<div class=\"info-box-content\">\n\t\t\t\t\t\t<h4 class=\"info-box-title woodmart-font-weight-600 box-title-style-default font-alt\">Viscon Kuma\u015f<\/h4>\t\t\t\t\t\t<div class=\"info-box-inner reset-mb-10\">\n\t\t\t\t\t\t\t<\/p>\n<div class=\"Informations\">\n<div class=\"icerik\">\n<p>Kay\u0131n a\u011fac\u0131ndan elde edilen Visconun nem alma \u00f6zelli\u011fi v\u00fccudu serin tutar. Ayr\u0131ca, ipin narin ve d\u00fczg\u00fcn e\u011firme \u00f6zelli\u011fi, yumu\u015fak bir tu\u015fe hissi vererek y\u00fczeyde daha konforlu bir yap\u0131 sunar.<\/p>\n<\/div>\n<\/div>\n<p>\n\t\t\t\t\t\t<\/div>\n\n\t\t\t\t\t\t\t\t\t\t\t\t\n\t\t\t\t\t<\/div>\n\n\t\t\t\t\t\t\t\t\t<\/div>\n\t\t\t<\/div>\n\t\t[\/vc_column_inner][\/vc_row_inner][vc_row_inner][vc_column_inner][vc_separator style=&#8221;shadow&#8221;][\/vc_column_inner][\/vc_row_inner][vc_row_inner][vc_column_inner][vc_single_image image=&#8221;3540&#8243; img_size=&#8221;full&#8221; parallax_scroll=&#8221;no&#8221;][\/vc_column_inner][\/vc_row_inner][\/vc_column][vc_column width=&#8221;5\/12&#8243; offset=&#8221;vc_col-lg-5 vc_col-md-6 vc_col-xs-12&#8243; mobile_bg_img_hidden=&#8221;no&#8221; tablet_bg_img_hidden=&#8221;no&#8221; woodmart_parallax=&#8221;0&#8243; woodmart_sticky_column=&#8221;false&#8221; parallax_scroll=&#8221;no&#8221; mobile_reset_margin=&#8221;no&#8221; tablet_reset_margin=&#8221;no&#8221; css=&#8221;.vc_custom_1624221931866{margin-right: 15px !important;margin-bottom: 4vh !important;margin-left: 15px !important;border-top-width: 1px !important;border-right-width: 1px !important;border-bottom-width: 1px !important;border-left-width: 1px !important;padding-top: 20px !important;padding-right: 10px !important;padding-bottom: 20px !important;padding-left: 10px !important;border-left-color: #000000 !important;border-left-style: solid !important;border-right-color: #000000 !important;border-right-style: solid !important;border-top-color: #000000 !important;border-top-style: solid !important;border-bottom-color: #000000 !important;border-bottom-style: solid !important;}&#8221;][vc_row_inner row_reverse_mobile=&#8221;0&#8243; row_reverse_tablet=&#8221;0&#8243; css=&#8221;.vc_custom_1624104352800{padding-top: 10px !important;padding-right: 10px !important;padding-left: 10px !important;}&#8221;][vc_column_inner]\t\n\t\t\t<div id=\"wd-60cddcc219ac7\" class=\"woodmart-text-block-wrapper color-scheme-custom woodmart-title-size-custom woodmart-title-width-90 text-left \">\n\t\t\t\t<div class=\"woodmart-title-container woodmart-text-block font-alt woodmart-font-weight-\">\n\t\t\t\t\t<\/p>\n<h5>K\u0130LOYA G\u00d6RE H\u0130SSED\u0130LEN DE\u011eER<\/h5>\n<p>\t\t\t\t<\/div>\n\t\t\t\t\t\n\t\t\t<\/div>\n\t\t[vc_single_image image=&#8221;7594&#8243; img_size=&#8221;full&#8221; parallax_scroll=&#8221;no&#8221;][vc_single_image image=&#8221;3539&#8243; img_size=&#8221;full&#8221; alignment=&#8221;center&#8221; parallax_scroll=&#8221;no&#8221; css=&#8221;.vc_custom_1624872612901{margin-right: -5px !important;margin-left: -5px !important;}&#8221;][\/vc_column_inner][\/vc_row_inner][vc_row_inner css=&#8221;.vc_custom_1624221816313{margin-top: 40px !important;padding-top: 35px !important;padding-right: 15px !important;padding-left: 15px !important;}&#8221; row_reverse_mobile=&#8221;0&#8243; row_reverse_tablet=&#8221;0&#8243;][vc_column_inner][vc_column_text text_larger=&#8221;no&#8221;]<strong>Not: <\/strong>Bu tablo size en uygun yata\u011f\u0131 bulma konusunda %70 oran\u0131nda bilgi verecektir. Tablo da ki de\u011ferler ki\u015filerin al\u0131\u015fkanl\u0131klar\u0131na, boy kilo da\u011f\u0131l\u0131m\u0131na g\u00f6re de\u011fi\u015fiklik g\u00f6sterebilir.[\/vc_column_text][\/vc_column_inner][\/vc_row_inner][\/vc_column][\/vc_row][vc_row][vc_column]\n\t\t<div id=\"wd-643802d3132dd\" class=\"title-wrapper  woodmart-title-color-default woodmart-title-style-default woodmart-title-width-100 text-left woodmart-title-size-default \">\n\t\t\t\n\t\t\t<div class=\"liner-continer\">\n\t\t\t\t<span class=\"left-line\"><\/span>\n\t\t\t\t<h4 class=\"woodmart-title-container title  woodmart-font-weight-\" >TAMAMLAYICI \u00dcR\u00dcNLER<\/h4>\t\t\t\t\t\t\t\t<span class=\"right-line\"><\/span>\n\t\t\t<\/div>\n\t\t\t\n\t\t\t\n\t\t\t\t\t<\/div>\n\t\t\n\t\t\t\t\t\t<div id=\"carousel-885\" class=\"woodmart-carousel-container  slider-type-product woodmart-carousel-spacing-30\" data-owl-carousel data-wrap=\"no\" data-hide_pagination_control=\"no\" data-hide_prev_next_buttons=\"no\" data-desktop=\"4\" data-tablet_landscape=\"4\" data-tablet=\"3\" data-mobile=\"2\">\n\t\t\t\t\t\t\t\t\t\t<div class=\"owl-carousel owl-items-lg-4 owl-items-md-4 owl-items-sm-3 owl-items-xs-2\">\n\n\t\t\t\t\t\t\t\t\t<div class=\"slide-product owl-carousel-item\">\n\n\t\t\t\t\t\t\t\t\t\t\t\t\t\t<div class=\"product-grid-item product product-no-swatches woodmart-hover-base product-in-carousel type-product post-5301 status-publish first instock product_cat-basliklar product_cat-k-serisi-basliklar has-post-thumbnail shipping-taxable product-type-variable\" data-loop=\"1\" data-id=\"5301\">\n\n\t\n<div class=\"product-wrapper\">\n\t<div class=\"content-product-imagin\"><\/div>\n\t<div class=\"product-element-top\">\n\t\t<a href=\"https:\/\/ewosbedding.com\/?product=opso-baslik\" class=\"product-image-link\">\n\t\t\t<img loading=\"lazy\" decoding=\"async\" width=\"300\" height=\"300\" src=\"https:\/\/ewosbedding.com\/wp-content\/uploads\/2023\/02\/Opso2-300x300.jpg\" class=\"attachment-woocommerce_thumbnail size-woocommerce_thumbnail\" alt=\"\" srcset=\"https:\/\/ewosbedding.com\/wp-content\/uploads\/2023\/02\/Opso2-300x300.jpg 300w, https:\/\/ewosbedding.com\/wp-content\/uploads\/2023\/02\/Opso2-150x150.jpg 150w, https:\/\/ewosbedding.com\/wp-content\/uploads\/2023\/02\/Opso2-100x100.jpg 100w\" sizes=\"auto, (max-width: 300px) 100vw, 300px\" \/>\t\t<\/a>\n\t\t\t\t<div class=\"wrapp-swatches\">\t\t\t<div class=\"woodmart-compare-btn product-compare-button wd-action-btn wd-compare-btn wd-style-icon\">\n\t\t\t\t<a href=\"https:\/\/ewosbedding.com\/?page_id=265\" data-id=\"5301\" data-added-text=\"Kar\u015f\u0131la\u015ft\u0131r\">\n\t\t\t\t\tKar\u015f\u0131la\u015ft\u0131r\t\t\t\t<\/a>\n\t\t\t<\/div>\n\t\t<\/div>\n\t\t\t\t\t<div class=\"quick-shop-wrapper\">\n\t\t\t\t<div class=\"quick-shop-close wd-cross-button wd-size-s wd-with-text-left\"><span>Close<\/span><\/div>\n\t\t\t\t<div class=\"quick-shop-form\">\n\t\t\t\t<\/div>\n\t\t\t<\/div>\n\t\t\t<\/div>\n\n\t<div class=\"product-information\">\n\t\t<h3 class=\"product-title\"><a href=\"https:\/\/ewosbedding.com\/?product=opso-baslik\">Opso<\/a><\/h3>\t\t            <div class=\"woodmart-product-cats\">\n                <a href=\"https:\/\/ewosbedding.com\/?product_cat=basliklar\" rel=\"tag\">Ba\u015fl\u0131klar<\/a>, <a href=\"https:\/\/ewosbedding.com\/?product_cat=k-serisi-basliklar\" rel=\"tag\">K Serisi Ba\u015fl\u0131klar<\/a>            <\/div>\n\t\t\t\t<div class=\"product-rating-price\">\n\t\t\t<div class=\"wrapp-product-price\">\n\t\t\t\t\n\t\t\t<\/div>\n\t\t<\/div>\n\t\t<div class=\"fade-in-block\">\n\t\t\t<div class=\"hover-content woodmart-more-desc\">\n\t\t\t\t<div class=\"hover-content-inner woodmart-more-desc-inner\">\n\t\t\t\t\t\t\t\t\t<\/div>\n\t\t\t<\/div>\n\t\t\t<div class=\" woodmart-buttons wd-pos-r-t\">\n\t\t\t\t<div class=\"wrap-wishlist-button\">\t\t\t<div class=\"woodmart-wishlist-btn wd-action-btn wd-wishlist-btn wd-style-icon\">\n\t\t\t\t<a href=\"https:\/\/ewosbedding.com\/?page_id=267\" data-key=\"d146b3c32a\" data-product-id=\"5301\" data-added-text=\"\u0130stek Listem\">Listene Ekle<\/a>\n\t\t\t<\/div>\n\t\t<\/div>\n\t\t\t\t<div class=\"woodmart-add-btn wd-action-btn wd-add-cart-btn wd-style-icon\"><a href=\"https:\/\/ewosbedding.com\/?product=opso-baslik\" data-quantity=\"1\" class=\"button product_type_variable add-to-cart-loop\" data-product_id=\"5301\" data-product_sku=\"\" aria-label=\"&ldquo;Opso&rdquo; i\u00e7in se\u00e7enekleri se\u00e7in\" rel=\"nofollow\"><span>Devam\u0131n\u0131 oku<\/span><\/a><\/div>\n\t\t\t\t<div class=\"wrap-quickview-button\"><\/div>\n\t\t\t<\/div>\n\t\t\t\t\t\t\n\t\t\t\t\t<\/div>\n\t<\/div>\n<\/div>\n\n<\/div>\t\n\t\t\t\t\n\t\t\t<\/div>\n\t\t\t\t\t<div class=\"slide-product owl-carousel-item\">\n\n\t\t\t\t\t\t\t\t\t\t\t\t\t\t<div class=\"product-grid-item product product-no-swatches woodmart-hover-base product-in-carousel type-product post-3092 status-publish instock product_cat-komodin has-post-thumbnail shipping-taxable product-type-simple\" data-loop=\"2\" data-id=\"3092\">\n\n\t\n<div class=\"product-wrapper\">\n\t<div class=\"content-product-imagin\"><\/div>\n\t<div class=\"product-element-top\">\n\t\t<a href=\"https:\/\/ewosbedding.com\/?product=rose-komodin\" class=\"product-image-link\">\n\t\t\t<img loading=\"lazy\" decoding=\"async\" width=\"300\" height=\"300\" src=\"https:\/\/ewosbedding.com\/wp-content\/uploads\/2021\/06\/Rose-4-300x300.jpg\" class=\"attachment-woocommerce_thumbnail size-woocommerce_thumbnail\" alt=\"\" srcset=\"https:\/\/ewosbedding.com\/wp-content\/uploads\/2021\/06\/Rose-4-300x300.jpg 300w, https:\/\/ewosbedding.com\/wp-content\/uploads\/2021\/06\/Rose-4-150x150.jpg 150w, https:\/\/ewosbedding.com\/wp-content\/uploads\/2021\/06\/Rose-4-100x100.jpg 100w\" sizes=\"auto, (max-width: 300px) 100vw, 300px\" \/>\t\t<\/a>\n\t\t\t\t\t<div class=\"hover-img\">\n\t\t\t\t<a href=\"https:\/\/ewosbedding.com\/?product=rose-komodin\">\n\t\t\t\t\t<img loading=\"lazy\" decoding=\"async\" width=\"300\" height=\"300\" src=\"https:\/\/ewosbedding.com\/wp-content\/uploads\/2021\/06\/ROSE-2-300x300.jpg\" class=\"attachment-woocommerce_thumbnail size-woocommerce_thumbnail\" alt=\"\" srcset=\"https:\/\/ewosbedding.com\/wp-content\/uploads\/2021\/06\/ROSE-2-300x300.jpg 300w, https:\/\/ewosbedding.com\/wp-content\/uploads\/2021\/06\/ROSE-2-150x150.jpg 150w, https:\/\/ewosbedding.com\/wp-content\/uploads\/2021\/06\/ROSE-2-600x600.jpg 600w, https:\/\/ewosbedding.com\/wp-content\/uploads\/2021\/06\/ROSE-2-100x100.jpg 100w\" sizes=\"auto, (max-width: 300px) 100vw, 300px\" \/>\t\t\t\t<\/a>\n\t\t\t<\/div>\n\t\t\t\t<div class=\"wrapp-swatches\">\t\t\t<div class=\"woodmart-compare-btn product-compare-button wd-action-btn wd-compare-btn wd-style-icon\">\n\t\t\t\t<a href=\"https:\/\/ewosbedding.com\/?page_id=265\" data-id=\"3092\" data-added-text=\"Kar\u015f\u0131la\u015ft\u0131r\">\n\t\t\t\t\tKar\u015f\u0131la\u015ft\u0131r\t\t\t\t<\/a>\n\t\t\t<\/div>\n\t\t<\/div>\n\t\t\t\t\t<div class=\"quick-shop-wrapper\">\n\t\t\t\t<div class=\"quick-shop-close wd-cross-button wd-size-s wd-with-text-left\"><span>Close<\/span><\/div>\n\t\t\t\t<div class=\"quick-shop-form\">\n\t\t\t\t<\/div>\n\t\t\t<\/div>\n\t\t\t<\/div>\n\n\t<div class=\"product-information\">\n\t\t<h3 class=\"product-title\"><a href=\"https:\/\/ewosbedding.com\/?product=rose-komodin\">Rose<\/a><\/h3>\t\t            <div class=\"woodmart-product-cats\">\n                <a href=\"https:\/\/ewosbedding.com\/?product_cat=komodin\" rel=\"tag\">KOMOD\u0130N<\/a>            <\/div>\n\t\t\t\t<div class=\"product-rating-price\">\n\t\t\t<div class=\"wrapp-product-price\">\n\t\t\t\t\n\t\t\t<\/div>\n\t\t<\/div>\n\t\t<div class=\"fade-in-block\">\n\t\t\t<div class=\"hover-content woodmart-more-desc\">\n\t\t\t\t<div class=\"hover-content-inner woodmart-more-desc-inner\">\n\t\t\t\t\t\t\t\t\t<\/div>\n\t\t\t<\/div>\n\t\t\t<div class=\" woodmart-buttons wd-pos-r-t\">\n\t\t\t\t<div class=\"wrap-wishlist-button\">\t\t\t<div class=\"woodmart-wishlist-btn wd-action-btn wd-wishlist-btn wd-style-icon\">\n\t\t\t\t<a href=\"https:\/\/ewosbedding.com\/?page_id=267\" data-key=\"d146b3c32a\" data-product-id=\"3092\" data-added-text=\"\u0130stek Listem\">Listene Ekle<\/a>\n\t\t\t<\/div>\n\t\t<\/div>\n\t\t\t\t<div class=\"woodmart-add-btn wd-action-btn wd-add-cart-btn wd-style-icon\"><a href=\"https:\/\/ewosbedding.com\/?product=rose-komodin\" data-quantity=\"1\" class=\"button product_type_simple add-to-cart-loop\" data-product_id=\"3092\" data-product_sku=\"52.14.1111.0001\" aria-label=\"&ldquo;Rose&rdquo; hakk\u0131nda daha fazla bilgi edinin\" rel=\"nofollow\" data-success_message=\"\"><span>Devam\u0131n\u0131 oku<\/span><\/a><\/div>\n\t\t\t\t<div class=\"wrap-quickview-button\"><\/div>\n\t\t\t<\/div>\n\t\t\t\t\t\t\n\t\t\t\t\t<\/div>\n\t<\/div>\n<\/div>\n\n<\/div>\t\n\t\t\t\t\n\t\t\t<\/div>\n\t\t\n\t\t\t\t\t<\/div> <!-- end product-items -->\n\t\t\t\t<\/div> <!-- end #carousel-885 -->\n\n\t\t\t[\/vc_column][\/vc_row]<\/p>\n","protected":false},"excerpt":{"rendered":"<p>[vc_row content_placement=&#8221;top&#8221; woodmart_bg_position=&#8221;left-top&#8221; css=&#8221;.vc_custom_1624059291166{margin-bottom: 6vh !important;padding-top: 40px !important;background-image: url(https:\/\/ewosbedding.com\/wp-content\/uploads\/2021\/06\/w-investment-bg-top.svg?id=) !important;background-position: 0 0 !important;background-repeat: no-repeat !important;}&#8221; mobile_bg_img_hidden=&#8221;no&#8221; tablet_bg_img_hidden=&#8221;no&#8221; woodmart_parallax=&#8221;0&#8243; woodmart_gradient_switch=&#8221;no&#8221; row_reverse_mobile=&#8221;1&#8243;<\/p>\n","protected":false},"featured_media":7593,"template":"","meta":[],"product_brand":[],"product_cat":[50,107],"product_tag":[],"class_list":{"0":"post-7580","1":"product","2":"type-product","3":"status-publish","4":"has-post-thumbnail","6":"product_cat-yataklar","7":"product_cat-selective-seri-yataklar","9":"first","10":"instock","11":"shipping-taxable","12":"product-type-variable"},"_links":{"self":[{"href":"https:\/\/ewosbedding.com\/index.php?rest_route=\/wp\/v2\/product\/7580","targetHints":{"allow":["GET"]}}],"collection":[{"href":"https:\/\/ewosbedding.com\/index.php?rest_route=\/wp\/v2\/product"}],"about":[{"href":"https:\/\/ewosbedding.com\/index.php?rest_route=\/wp\/v2\/types\/product"}],"wp:featuredmedia":[{"embeddable":true,"href":"https:\/\/ewosbedding.com\/index.php?rest_route=\/wp\/v2\/media\/7593"}],"wp:attachment":[{"href":"https:\/\/ewosbedding.com\/index.php?rest_route=%2Fwp%2Fv2%2Fmedia&parent=7580"}],"wp:term":[{"taxonomy":"product_brand","embeddable":true,"href":"https:\/\/ewosbedding.com\/index.php?rest_route=%2Fwp%2Fv2%2Fproduct_brand&post=7580"},{"taxonomy":"product_cat","embeddable":true,"href":"https:\/\/ewosbedding.com\/index.php?rest_route=%2Fwp%2Fv2%2Fproduct_cat&post=7580"},{"taxonomy":"product_tag","embeddable":true,"href":"https:\/\/ewosbedding.com\/index.php?rest_route=%2Fwp%2Fv2%2Fproduct_tag&post=7580"}],"curies":[{"name":"wp","href":"https:\/\/api.w.org\/{rel}","templated":true}]}}