{"id":6908,"date":"2024-01-20T07:22:14","date_gmt":"2024-01-20T07:22:14","guid":{"rendered":"https:\/\/ewosbedding.com\/?post_type=product&#038;p=6908"},"modified":"2026-02-16T07:01:35","modified_gmt":"2026-02-16T07:01:35","slug":"cosmos-nebras-set","status":"publish","type":"product","link":"https:\/\/ewosbedding.com\/?product=cosmos-nebras-set","title":{"rendered":"Cosmos Nebras Set"},"content":{"rendered":"<p>[vc_row content_placement=&#8221;top&#8221; woodmart_bg_position=&#8221;left-top&#8221; css=&#8221;.vc_custom_1624059291166{margin-bottom: 6vh !important;padding-top: 40px !important;background-image: url(https:\/\/ewosbedding.com\/wp-content\/uploads\/2021\/06\/w-investment-bg-top.svg?id=) !important;background-position: 0 0 !important;background-repeat: no-repeat !important;}&#8221; mobile_bg_img_hidden=&#8221;no&#8221; tablet_bg_img_hidden=&#8221;no&#8221; woodmart_parallax=&#8221;0&#8243; woodmart_gradient_switch=&#8221;no&#8221; row_reverse_mobile=&#8221;1&#8243; row_reverse_tablet=&#8221;1&#8243; woodmart_disable_overflow=&#8221;0&#8243;][vc_column width=&#8221;7\/12&#8243; offset=&#8221;vc_col-lg-7 vc_col-md-6 vc_col-xs-12&#8243; mobile_bg_img_hidden=&#8221;no&#8221; tablet_bg_img_hidden=&#8221;no&#8221; woodmart_parallax=&#8221;0&#8243; woodmart_sticky_column=&#8221;false&#8221; parallax_scroll=&#8221;no&#8221; mobile_reset_margin=&#8221;no&#8221; tablet_reset_margin=&#8221;no&#8221; css=&#8221;.vc_custom_1624212656883{margin-bottom: 4vh !important;padding-top: 0px !important;}&#8221;]\t\n\t\t\t<div id=\"wd-60cd287e4dc44\" class=\"woodmart-text-block-wrapper color-scheme-custom woodmart-title-size-custom woodmart-title-width-90 text-left \">\n\t\t\t\t<div class=\"woodmart-title-container woodmart-text-block font-alt woodmart-font-weight-\">\n\t\t\t\t\t<\/p>\n<h5>\u00d6ZELL\u0130KLER<\/h5>\n<p>\t\t\t\t<\/div>\n\t\t\t\t\t\n\t\t\t<\/div>\n\t\t\t\n\t\t\t<div id=\"wd-65ab7b9f84a50\" class=\"woodmart-text-block-wrapper color-scheme- woodmart-title-size-custom woodmart-title-width-90 text-left \">\n\t\t\t\t<div class=\"woodmart-title-container woodmart-text-block font-text woodmart-font-weight-\">\n\t\t\t\t\tCosmos yata\u011f\u0131n i\u00e7eri\u011finde kullan\u0131lan farkl\u0131 sertlikteki yaylar\u0131n dizilimiyle olu\u015fturulan 5 b\u00f6lgeli paket yay sistemi ile v\u00fccudun be\u015f farkl\u0131 b\u00f6lgesine \u00f6zel destek verir.\u00a0 \u0130ki tarafl\u0131 kullan\u0131m \u00f6zelli\u011fi ekstra konfor sa\u011flarken ayn\u0131 zamanda y\u0131llarca deforme olmadan kullan\u0131lmas\u0131na yard\u0131mc\u0131 olur.<br \/>\n<em>The use of springs of different productions used in the Cosmos data content with their arrangement provides special support for five different general views with the 5-zone pocket spring system.\u00a0Its two-way use feature provides extra comfort and also helps it to be used for a long time without deformation.<\/em>\t\t\t\t<\/div>\n\t\t\t\t\t\n\t\t\t<\/div>\n\t\t[vc_row_inner row_reverse_mobile=&#8221;0&#8243; row_reverse_tablet=&#8221;0&#8243; css=&#8221;.vc_custom_1620831346411{margin-top: 20px !important;}&#8221;][vc_column_inner width=&#8221;1\/2&#8243; css=&#8221;.vc_custom_1624219930750{margin-right: 1px !important;padding-top: 0px !important;}&#8221; offset=&#8221;vc_col-lg-7&#8243;]\t\t\t<div class=\"info-box-wrapper \">\n\t\t\t\t<div id=\"wd-65ab773f266b7\" class=\" woodmart-info-box text-left box-icon-align-top box-style- color-scheme- woodmart-bg-none box-title-custom \"  >\n\t\t\t\t\t\t\t\t\t\t\t<div class=\"box-icon-wrapper  box-with-icon box-icon-simple\">\n\t\t\t\t\t\t\t<div class=\"info-box-icon\">\n\n\t\t\t\t\t\t\t\n\t\t\t\t\t\t\t\t\t\t\t\t\t\t\t\t\t<img loading=\"lazy\" decoding=\"async\" class=\"info-icon image-1 \" src=\"https:\/\/ewosbedding.com\/wp-content\/uploads\/2024\/01\/ALBA-3315-copy-800x600.jpg\" width=\"800\" height=\"600\" alt=\"ALBA-3315 copy\" title=\"ALBA-3315 copy\" \/>\t\t\t\t\t\t\t\t\t\t\t\t\t\t\t\t\n\t\t\t\t\t\t\t\n\t\t\t\t\t\t\t<\/div>\n\t\t\t\t\t\t<\/div>\n\t\t\t\t\t\t\t\t\t\t<div class=\"info-box-content\">\n\t\t\t\t\t\t<h4 class=\"info-box-title woodmart-font-weight-600 box-title-style-default font-alt\">\u00d6zel Dokulu \u00d6rme Kuma\u015f<\/h4>\t\t\t\t\t\t<div class=\"info-box-inner reset-mb-10\">\n\t\t\t\t\t\t\t<p>Ultra esnek yap\u0131daki \u00f6rme kuma\u015f, yata\u011fa \u015f\u0131kl\u0131k katarken yumu\u015fak dokusu ile konforlu bir uyku sa\u011flar.<\/p>\n<p>Knitted Fabric with Special Textured<br \/>\nThe ultra-flexible Knitted Fabric gives elegance to the bed, it also provides<br \/>\ncomfortable sleep with \u0130TS soft texture.<\/p>\n\t\t\t\t\t\t<\/div>\n\n\t\t\t\t\t\t\t\t\t\t\t\t\n\t\t\t\t\t<\/div>\n\n\t\t\t\t\t\t\t\t\t<\/div>\n\t\t\t<\/div>\n\t\t[\/vc_column_inner][vc_column_inner width=&#8221;1\/2&#8243; css=&#8221;.vc_custom_1624219942397{margin-left: 1px !important;padding-top: 0px !important;}&#8221; offset=&#8221;vc_col-lg-5&#8243;]\t\t\t<div class=\"info-box-wrapper \">\n\t\t\t\t<div id=\"wd-63f8b06d95455\" class=\" woodmart-info-box text-left box-icon-align-right box-style- color-scheme- woodmart-bg-none box-title-custom \"  >\n\t\t\t\t\t\t\t\t\t\t\t<div class=\"box-icon-wrapper  box-with-icon box-icon-simple\">\n\t\t\t\t\t\t\t<div class=\"info-box-icon\">\n\n\t\t\t\t\t\t\t\n\t\t\t\t\t\t\t\t\t\t\t\t\t\t\t\t\t<img loading=\"lazy\" decoding=\"async\" class=\"info-icon image-1 \" src=\"https:\/\/ewosbedding.com\/wp-content\/uploads\/2021\/06\/kustuyu.jpg\" width=\"768\" height=\"550\" alt=\"kustuyu\" title=\"kustuyu\" \/>\t\t\t\t\t\t\t\t\t\t\t\t\t\t\t\t\n\t\t\t\t\t\t\t\n\t\t\t\t\t\t\t<\/div>\n\t\t\t\t\t\t<\/div>\n\t\t\t\t\t\t\t\t\t\t<div class=\"info-box-content\">\n\t\t\t\t\t\t<h4 class=\"info-box-title woodmart-font-weight-600 box-title-style-default font-alt\">Ku\u015ft\u00fcy\u00fc S\u00fcnger<\/h4>\t\t\t\t\t\t<div class=\"info-box-inner reset-mb-10\">\n\t\t\t\t\t\t\t<\/p>\n<div class=\"Informations\">\n<div class=\"icerik\">\n<p>Omurgaya destek veren y\u00fcksek yo\u011funluklu s\u00fcnger.<\/p>\n<p><strong><em>Feather Sponge<\/em><\/strong><br \/>\n<em>High density sponge supporting the Backbone<\/em><\/p>\n<\/div>\n<\/div>\n<p>\n\t\t\t\t\t\t<\/div>\n\n\t\t\t\t\t\t\t\t\t\t\t\t\n\t\t\t\t\t<\/div>\n\n\t\t\t\t\t\t\t\t\t<\/div>\n\t\t\t<\/div>\n\t\t\t\t\t<div class=\"info-box-wrapper \">\n\t\t\t\t<div id=\"wd-63f8b08fb5db6\" class=\" woodmart-info-box text-left box-icon-align-top box-style- color-scheme- woodmart-bg-none box-title-custom \"  >\n\t\t\t\t\t\t\t\t\t\t\t<div class=\"box-icon-wrapper  box-with-icon box-icon-simple\">\n\t\t\t\t\t\t\t<div class=\"info-box-icon\">\n\n\t\t\t\t\t\t\t\n\t\t\t\t\t\t\t\t\t\t\t\t\t\t\t\t\t<img loading=\"lazy\" decoding=\"async\" class=\"info-icon image-1 \" src=\"https:\/\/ewosbedding.com\/wp-content\/uploads\/2021\/06\/bes-bolgeli-yay.jpg\" width=\"768\" height=\"550\" alt=\"bes-bolgeli-yay\" title=\"bes-bolgeli-yay\" \/>\t\t\t\t\t\t\t\t\t\t\t\t\t\t\t\t\n\t\t\t\t\t\t\t\n\t\t\t\t\t\t\t<\/div>\n\t\t\t\t\t\t<\/div>\n\t\t\t\t\t\t\t\t\t\t<div class=\"info-box-content\">\n\t\t\t\t\t\t<h4 class=\"info-box-title woodmart-font-weight-600 box-title-style-default font-alt\">5 B\u00f6lgeli Paket Yay<\/h4>\t\t\t\t\t\t<div class=\"info-box-inner reset-mb-10\">\n\t\t\t\t\t\t\t<p>E\u015flerin uyku esnas\u0131nda birbirlerinin d\u00f6n\u00fc\u015f hareketlerinden rahats\u0131zl\u0131k duymalar\u0131n\u0131 engeller.<\/p>\n<p><strong><em>5-zone pocket spring<\/em><\/strong><br \/>\n<em>It supports body curls with springs of different hardness, prevents partners\u2019 being disturmattress by each other\u2019s turning moves during sleep.<\/em><\/p>\n\t\t\t\t\t\t<\/div>\n\n\t\t\t\t\t\t\t\t\t\t\t\t\n\t\t\t\t\t<\/div>\n\n\t\t\t\t\t\t\t\t\t<\/div>\n\t\t\t<\/div>\n\t\t[\/vc_column_inner][\/vc_row_inner][vc_row_inner][vc_column_inner][vc_separator style=&#8221;shadow&#8221;][\/vc_column_inner][\/vc_row_inner][vc_row_inner][vc_column_inner][vc_single_image image=&#8221;3554&#8243; img_size=&#8221;full&#8221; parallax_scroll=&#8221;no&#8221;][\/vc_column_inner][\/vc_row_inner][\/vc_column][vc_column width=&#8221;5\/12&#8243; offset=&#8221;vc_col-lg-5 vc_col-md-6 vc_col-xs-12&#8243; mobile_bg_img_hidden=&#8221;no&#8221; tablet_bg_img_hidden=&#8221;no&#8221; woodmart_parallax=&#8221;0&#8243; woodmart_sticky_column=&#8221;false&#8221; parallax_scroll=&#8221;no&#8221; mobile_reset_margin=&#8221;no&#8221; tablet_reset_margin=&#8221;no&#8221; css=&#8221;.vc_custom_1624221931866{margin-right: 15px !important;margin-bottom: 4vh !important;margin-left: 15px !important;border-top-width: 1px !important;border-right-width: 1px !important;border-bottom-width: 1px !important;border-left-width: 1px !important;padding-top: 20px !important;padding-right: 10px !important;padding-bottom: 20px !important;padding-left: 10px !important;border-left-color: #000000 !important;border-left-style: solid !important;border-right-color: #000000 !important;border-right-style: solid !important;border-top-color: #000000 !important;border-top-style: solid !important;border-bottom-color: #000000 !important;border-bottom-style: solid !important;}&#8221;][vc_row_inner row_reverse_mobile=&#8221;0&#8243; row_reverse_tablet=&#8221;0&#8243; css=&#8221;.vc_custom_1624104352800{padding-top: 10px !important;padding-right: 10px !important;padding-left: 10px !important;}&#8221;][vc_column_inner]\t\n\t\t\t<div id=\"wd-60cddcc219ac7\" class=\"woodmart-text-block-wrapper color-scheme-custom woodmart-title-size-custom woodmart-title-width-90 text-left \">\n\t\t\t\t<div class=\"woodmart-title-container woodmart-text-block font-alt woodmart-font-weight-\">\n\t\t\t\t\t<\/p>\n<h5>K\u0130LOYA G\u00d6RE H\u0130SSED\u0130LEN DE\u011eER<\/h5>\n<p>\t\t\t\t<\/div>\n\t\t\t\t\t\n\t\t\t<\/div>\n\t\t[vc_single_image image=&#8221;6920&#8243; img_size=&#8221;full&#8221; parallax_scroll=&#8221;no&#8221;][vc_single_image image=&#8221;6922&#8243; img_size=&#8221;full&#8221; alignment=&#8221;center&#8221; parallax_scroll=&#8221;no&#8221; css=&#8221;.vc_custom_1705735865265{margin-right: -5px !important;margin-left: -5px !important;}&#8221;][\/vc_column_inner][\/vc_row_inner][vc_row_inner css=&#8221;.vc_custom_1624221816313{margin-top: 40px !important;padding-top: 35px !important;padding-right: 15px !important;padding-left: 15px !important;}&#8221; row_reverse_mobile=&#8221;0&#8243; row_reverse_tablet=&#8221;0&#8243;][vc_column_inner][vc_column_text text_larger=&#8221;no&#8221;]<strong>Not: <\/strong>Bu tablo size en uygun yata\u011f\u0131 bulma konusunda %70 oran\u0131nda bilgi verecektir. Tablo da ki de\u011ferler ki\u015filerin al\u0131\u015fkanl\u0131klar\u0131na, boy kilo da\u011f\u0131l\u0131m\u0131na g\u00f6re de\u011fi\u015fiklik g\u00f6sterebilir.[\/vc_column_text][\/vc_column_inner][\/vc_row_inner][\/vc_column][\/vc_row][vc_row full_width=&#8221;stretch_row&#8221; css=&#8221;.vc_custom_1624059490971{padding-top: 8vh !important;background-color: #f7f7f7 !important;}&#8221; mobile_bg_img_hidden=&#8221;no&#8221; tablet_bg_img_hidden=&#8221;no&#8221; woodmart_parallax=&#8221;0&#8243; woodmart_gradient_switch=&#8221;no&#8221; row_reverse_mobile=&#8221;0&#8243; row_reverse_tablet=&#8221;0&#8243; woodmart_disable_overflow=&#8221;0&#8243;][vc_column css=&#8221;.vc_custom_1521449715392{padding-top: 0px !important;}&#8221;]\n\t\t<div id=\"wd-60cd563345d00\" class=\"title-wrapper  woodmart-title-color-default woodmart-title-style-default woodmart-title-width-40 text-left woodmart-title-size-custom vc_custom_1624069718491\">\n\t\t\t\n\t\t\t<div class=\"liner-continer\">\n\t\t\t\t<span class=\"left-line\"><\/span>\n\t\t\t\t<h5 class=\"woodmart-title-container title  woodmart-font-weight-\" >D\u0130\u011eER \u00dcR\u00dcNLER<\/h5>\t\t\t\t\t\t\t\t<span class=\"right-line\"><\/span>\n\t\t\t<\/div>\n\t\t\t\n\t\t\t\n\t\t\t\t\t<\/div>\n\t\t\n\t\t\t\t\t\t<div id=\"carousel-227\" class=\"woodmart-carousel-container  slider-type-product woodmart-carousel-spacing-30 products-bordered-grid\" data-owl-carousel data-wrap=\"no\" data-hide_pagination_control=\"yes\" data-hide_prev_next_buttons=\"no\" data-desktop=\"5\" data-tablet_landscape=\"4\" data-tablet=\"3\" data-mobile=\"2\">\n\t\t\t\t\t\t\t\t\t\t<div class=\"owl-carousel owl-items-lg-5 owl-items-md-4 owl-items-sm-3 owl-items-xs-2\">\n\n\t\t\t\t\t\t\t\t\t<div class=\"slide-product owl-carousel-item\">\n\n\t\t\t\t\t\t\t\t\t\t\t\t\t\t<div class=\"product-grid-item product product-no-swatches woodmart-hover-base product-in-carousel type-product post-2897 status-publish first instock product_cat-basliklar product_cat-k-serisi-basliklar has-post-thumbnail shipping-taxable product-type-variable\" data-loop=\"1\" data-id=\"2897\">\n\n\t\n<div class=\"product-wrapper\">\n\t<div class=\"content-product-imagin\"><\/div>\n\t<div class=\"product-element-top\">\n\t\t<a href=\"https:\/\/ewosbedding.com\/?product=angel-baslik\" class=\"product-image-link\">\n\t\t\t<img loading=\"lazy\" decoding=\"async\" width=\"300\" height=\"300\" src=\"https:\/\/ewosbedding.com\/wp-content\/uploads\/2021\/06\/12-ANGEL-300x300.jpg\" class=\"attachment-woocommerce_thumbnail size-woocommerce_thumbnail\" alt=\"\" srcset=\"https:\/\/ewosbedding.com\/wp-content\/uploads\/2021\/06\/12-ANGEL-300x300.jpg 300w, https:\/\/ewosbedding.com\/wp-content\/uploads\/2021\/06\/12-ANGEL-150x150.jpg 150w, https:\/\/ewosbedding.com\/wp-content\/uploads\/2021\/06\/12-ANGEL-600x600.jpg 600w, https:\/\/ewosbedding.com\/wp-content\/uploads\/2021\/06\/12-ANGEL-100x100.jpg 100w\" sizes=\"auto, (max-width: 300px) 100vw, 300px\" \/>\t\t<\/a>\n\t\t\t\t<div class=\"wrapp-swatches\">\t\t\t<div class=\"woodmart-compare-btn product-compare-button wd-action-btn wd-compare-btn wd-style-icon\">\n\t\t\t\t<a href=\"https:\/\/ewosbedding.com\/?page_id=265\" data-id=\"2897\" data-added-text=\"Kar\u015f\u0131la\u015ft\u0131r\">\n\t\t\t\t\tKar\u015f\u0131la\u015ft\u0131r\t\t\t\t<\/a>\n\t\t\t<\/div>\n\t\t<\/div>\n\t\t\t\t\t<div class=\"quick-shop-wrapper\">\n\t\t\t\t<div class=\"quick-shop-close wd-cross-button wd-size-s wd-with-text-left\"><span>Close<\/span><\/div>\n\t\t\t\t<div class=\"quick-shop-form\">\n\t\t\t\t<\/div>\n\t\t\t<\/div>\n\t\t\t<\/div>\n\n\t<div class=\"product-information\">\n\t\t<h3 class=\"product-title\"><a href=\"https:\/\/ewosbedding.com\/?product=angel-baslik\">Angel<\/a><\/h3>\t\t            <div class=\"woodmart-product-cats\">\n                <a href=\"https:\/\/ewosbedding.com\/?product_cat=basliklar\" rel=\"tag\">Ba\u015fl\u0131klar<\/a>, <a href=\"https:\/\/ewosbedding.com\/?product_cat=k-serisi-basliklar\" rel=\"tag\">K Serisi Ba\u015fl\u0131klar<\/a>            <\/div>\n\t\t\t\t<div class=\"product-rating-price\">\n\t\t\t<div class=\"wrapp-product-price\">\n\t\t\t\t\n\t\t\t<\/div>\n\t\t<\/div>\n\t\t<div class=\"fade-in-block\">\n\t\t\t<div class=\"hover-content woodmart-more-desc\">\n\t\t\t\t<div class=\"hover-content-inner woodmart-more-desc-inner\">\n\t\t\t\t\t\t\t\t\t<\/div>\n\t\t\t<\/div>\n\t\t\t<div class=\" woodmart-buttons wd-pos-r-t\">\n\t\t\t\t<div class=\"wrap-wishlist-button\">\t\t\t<div class=\"woodmart-wishlist-btn wd-action-btn wd-wishlist-btn wd-style-icon\">\n\t\t\t\t<a href=\"https:\/\/ewosbedding.com\/?page_id=267\" data-key=\"147d0900c7\" data-product-id=\"2897\" data-added-text=\"\u0130stek Listem\">Listene Ekle<\/a>\n\t\t\t<\/div>\n\t\t<\/div>\n\t\t\t\t<div class=\"woodmart-add-btn wd-action-btn wd-add-cart-btn wd-style-icon\"><a href=\"https:\/\/ewosbedding.com\/?product=angel-baslik\" data-quantity=\"1\" class=\"button product_type_variable add-to-cart-loop\" data-product_id=\"2897\" data-product_sku=\"\" aria-label=\"&ldquo;Angel&rdquo; i\u00e7in se\u00e7enekleri se\u00e7in\" rel=\"nofollow\"><span>Devam\u0131n\u0131 oku<\/span><\/a><\/div>\n\t\t\t\t<div class=\"wrap-quickview-button\"><\/div>\n\t\t\t<\/div>\n\t\t\t\t\t\t\n\t\t\t\t\t<\/div>\n\t<\/div>\n<\/div>\n\n<\/div>\t\n\t\t\t\t\n\t\t\t<\/div>\n\t\t\t\t\t<div class=\"slide-product owl-carousel-item\">\n\n\t\t\t\t\t\t\t\t\t\t\t\t\t\t<div class=\"product-grid-item product product-no-swatches woodmart-hover-base product-in-carousel type-product post-2858 status-publish instock product_cat-bazalar product_cat-solid-bazalar has-post-thumbnail shipping-taxable product-type-variable has-default-attributes\" data-loop=\"2\" data-id=\"2858\">\n\n\t\n<div class=\"product-wrapper\">\n\t<div class=\"content-product-imagin\"><\/div>\n\t<div class=\"product-element-top\">\n\t\t<a href=\"https:\/\/ewosbedding.com\/?product=diva-baza\" class=\"product-image-link\">\n\t\t\t<img loading=\"lazy\" decoding=\"async\" width=\"300\" height=\"300\" src=\"https:\/\/ewosbedding.com\/wp-content\/uploads\/2021\/06\/8-DIVA-300x300.jpg\" class=\"attachment-woocommerce_thumbnail size-woocommerce_thumbnail\" alt=\"\" srcset=\"https:\/\/ewosbedding.com\/wp-content\/uploads\/2021\/06\/8-DIVA-300x300.jpg 300w, https:\/\/ewosbedding.com\/wp-content\/uploads\/2021\/06\/8-DIVA-150x150.jpg 150w, https:\/\/ewosbedding.com\/wp-content\/uploads\/2021\/06\/8-DIVA-600x600.jpg 600w, https:\/\/ewosbedding.com\/wp-content\/uploads\/2021\/06\/8-DIVA-100x100.jpg 100w\" sizes=\"auto, (max-width: 300px) 100vw, 300px\" \/>\t\t<\/a>\n\t\t\t\t<div class=\"wrapp-swatches\">\t\t\t<div class=\"woodmart-compare-btn product-compare-button wd-action-btn wd-compare-btn wd-style-icon\">\n\t\t\t\t<a href=\"https:\/\/ewosbedding.com\/?page_id=265\" data-id=\"2858\" data-added-text=\"Kar\u015f\u0131la\u015ft\u0131r\">\n\t\t\t\t\tKar\u015f\u0131la\u015ft\u0131r\t\t\t\t<\/a>\n\t\t\t<\/div>\n\t\t<\/div>\n\t\t\t\t\t<div class=\"quick-shop-wrapper\">\n\t\t\t\t<div class=\"quick-shop-close wd-cross-button wd-size-s wd-with-text-left\"><span>Close<\/span><\/div>\n\t\t\t\t<div class=\"quick-shop-form\">\n\t\t\t\t<\/div>\n\t\t\t<\/div>\n\t\t\t<\/div>\n\n\t<div class=\"product-information\">\n\t\t<h3 class=\"product-title\"><a href=\"https:\/\/ewosbedding.com\/?product=diva-baza\">Diva<\/a><\/h3>\t\t            <div class=\"woodmart-product-cats\">\n                <a href=\"https:\/\/ewosbedding.com\/?product_cat=bazalar\" rel=\"tag\">Bazalar<\/a>, <a href=\"https:\/\/ewosbedding.com\/?product_cat=solid-bazalar\" rel=\"tag\">Solid Bazalar<\/a>            <\/div>\n\t\t\t\t<div class=\"product-rating-price\">\n\t\t\t<div class=\"wrapp-product-price\">\n\t\t\t\t\n\t\t\t<\/div>\n\t\t<\/div>\n\t\t<div class=\"fade-in-block\">\n\t\t\t<div class=\"hover-content woodmart-more-desc\">\n\t\t\t\t<div class=\"hover-content-inner woodmart-more-desc-inner\">\n\t\t\t\t\t\t\t\t\t<\/div>\n\t\t\t<\/div>\n\t\t\t<div class=\" woodmart-buttons wd-pos-r-t\">\n\t\t\t\t<div class=\"wrap-wishlist-button\">\t\t\t<div class=\"woodmart-wishlist-btn wd-action-btn wd-wishlist-btn wd-style-icon\">\n\t\t\t\t<a href=\"https:\/\/ewosbedding.com\/?page_id=267\" data-key=\"147d0900c7\" data-product-id=\"2858\" data-added-text=\"\u0130stek Listem\">Listene Ekle<\/a>\n\t\t\t<\/div>\n\t\t<\/div>\n\t\t\t\t<div class=\"woodmart-add-btn wd-action-btn wd-add-cart-btn wd-style-icon\"><a href=\"https:\/\/ewosbedding.com\/?product=diva-baza\" data-quantity=\"1\" class=\"button product_type_variable add-to-cart-loop\" data-product_id=\"2858\" data-product_sku=\"\" aria-label=\"&ldquo;Diva&rdquo; i\u00e7in se\u00e7enekleri se\u00e7in\" rel=\"nofollow\"><span>Devam\u0131n\u0131 oku<\/span><\/a><\/div>\n\t\t\t\t<div class=\"wrap-quickview-button\"><\/div>\n\t\t\t<\/div>\n\t\t\t\t\t\t\n\t\t\t\t\t<\/div>\n\t<\/div>\n<\/div>\n\n<\/div>\t\n\t\t\t\t\n\t\t\t<\/div>\n\t\t\t\t\t<div class=\"slide-product owl-carousel-item\">\n\n\t\t\t\t\t\t\t\t\t\t\t\t\t\t<div class=\"product-grid-item product product-no-swatches woodmart-hover-base product-in-carousel type-product post-3102 status-publish instock product_cat-komodin has-post-thumbnail shipping-taxable product-type-simple\" data-loop=\"3\" data-id=\"3102\">\n\n\t\n<div class=\"product-wrapper\">\n\t<div class=\"content-product-imagin\"><\/div>\n\t<div class=\"product-element-top\">\n\t\t<a href=\"https:\/\/ewosbedding.com\/?product=nero-komodin\" class=\"product-image-link\">\n\t\t\t<img loading=\"lazy\" decoding=\"async\" width=\"300\" height=\"300\" src=\"https:\/\/ewosbedding.com\/wp-content\/uploads\/2021\/06\/NERO-1-300x300.jpg\" class=\"attachment-woocommerce_thumbnail size-woocommerce_thumbnail\" alt=\"\" srcset=\"https:\/\/ewosbedding.com\/wp-content\/uploads\/2021\/06\/NERO-1-300x300.jpg 300w, https:\/\/ewosbedding.com\/wp-content\/uploads\/2021\/06\/NERO-1-150x150.jpg 150w, https:\/\/ewosbedding.com\/wp-content\/uploads\/2021\/06\/NERO-1-100x100.jpg 100w\" sizes=\"auto, (max-width: 300px) 100vw, 300px\" \/>\t\t<\/a>\n\t\t\t\t<div class=\"wrapp-swatches\">\t\t\t<div class=\"woodmart-compare-btn product-compare-button wd-action-btn wd-compare-btn wd-style-icon\">\n\t\t\t\t<a href=\"https:\/\/ewosbedding.com\/?page_id=265\" data-id=\"3102\" data-added-text=\"Kar\u015f\u0131la\u015ft\u0131r\">\n\t\t\t\t\tKar\u015f\u0131la\u015ft\u0131r\t\t\t\t<\/a>\n\t\t\t<\/div>\n\t\t<\/div>\n\t\t\t\t\t<div class=\"quick-shop-wrapper\">\n\t\t\t\t<div class=\"quick-shop-close wd-cross-button wd-size-s wd-with-text-left\"><span>Close<\/span><\/div>\n\t\t\t\t<div class=\"quick-shop-form\">\n\t\t\t\t<\/div>\n\t\t\t<\/div>\n\t\t\t<\/div>\n\n\t<div class=\"product-information\">\n\t\t<h3 class=\"product-title\"><a href=\"https:\/\/ewosbedding.com\/?product=nero-komodin\">Nero<\/a><\/h3>\t\t            <div class=\"woodmart-product-cats\">\n                <a href=\"https:\/\/ewosbedding.com\/?product_cat=komodin\" rel=\"tag\">KOMOD\u0130N<\/a>            <\/div>\n\t\t\t\t<div class=\"product-rating-price\">\n\t\t\t<div class=\"wrapp-product-price\">\n\t\t\t\t\n\t\t\t<\/div>\n\t\t<\/div>\n\t\t<div class=\"fade-in-block\">\n\t\t\t<div class=\"hover-content woodmart-more-desc\">\n\t\t\t\t<div class=\"hover-content-inner woodmart-more-desc-inner\">\n\t\t\t\t\t\t\t\t\t<\/div>\n\t\t\t<\/div>\n\t\t\t<div class=\" woodmart-buttons wd-pos-r-t\">\n\t\t\t\t<div class=\"wrap-wishlist-button\">\t\t\t<div class=\"woodmart-wishlist-btn wd-action-btn wd-wishlist-btn wd-style-icon\">\n\t\t\t\t<a href=\"https:\/\/ewosbedding.com\/?page_id=267\" data-key=\"147d0900c7\" data-product-id=\"3102\" data-added-text=\"\u0130stek Listem\">Listene Ekle<\/a>\n\t\t\t<\/div>\n\t\t<\/div>\n\t\t\t\t<div class=\"woodmart-add-btn wd-action-btn wd-add-cart-btn wd-style-icon\"><a href=\"https:\/\/ewosbedding.com\/?product=nero-komodin\" data-quantity=\"1\" class=\"button product_type_simple add-to-cart-loop\" data-product_id=\"3102\" data-product_sku=\"52.14.1436.0001\" aria-label=\"&ldquo;Nero&rdquo; hakk\u0131nda daha fazla bilgi edinin\" rel=\"nofollow\" data-success_message=\"\"><span>Devam\u0131n\u0131 oku<\/span><\/a><\/div>\n\t\t\t\t<div class=\"wrap-quickview-button\"><\/div>\n\t\t\t<\/div>\n\t\t\t\t\t\t\n\t\t\t\t\t<\/div>\n\t<\/div>\n<\/div>\n\n<\/div>\t\n\t\t\t\t\n\t\t\t<\/div>\n\t\t\n\t\t\t\t\t<\/div> <!-- end product-items -->\n\t\t\t\t<\/div> <!-- end #carousel-227 -->\n\n\t\t\t[\/vc_column][\/vc_row]<\/p>\n","protected":false},"excerpt":{"rendered":"<p>[vc_row content_placement=&#8221;top&#8221; woodmart_bg_position=&#8221;left-top&#8221; css=&#8221;.vc_custom_1624059291166{margin-bottom: 6vh !important;padding-top: 40px !important;background-image: url(https:\/\/ewosbedding.com\/wp-content\/uploads\/2021\/06\/w-investment-bg-top.svg?id=) !important;background-position: 0 0 !important;background-repeat: no-repeat !important;}&#8221; mobile_bg_img_hidden=&#8221;no&#8221; tablet_bg_img_hidden=&#8221;no&#8221; woodmart_parallax=&#8221;0&#8243; woodmart_gradient_switch=&#8221;no&#8221; row_reverse_mobile=&#8221;1&#8243;<\/p>\n","protected":false},"featured_media":6487,"template":"","meta":[],"product_brand":[],"product_cat":[59,64],"product_tag":[],"class_list":{"0":"post-6908","1":"product","2":"type-product","3":"status-publish","4":"has-post-thumbnail","6":"product_cat-setler","7":"product_cat-selective-seri","9":"first","10":"instock","11":"shipping-taxable","12":"product-type-variable"},"_links":{"self":[{"href":"https:\/\/ewosbedding.com\/index.php?rest_route=\/wp\/v2\/product\/6908","targetHints":{"allow":["GET"]}}],"collection":[{"href":"https:\/\/ewosbedding.com\/index.php?rest_route=\/wp\/v2\/product"}],"about":[{"href":"https:\/\/ewosbedding.com\/index.php?rest_route=\/wp\/v2\/types\/product"}],"wp:featuredmedia":[{"embeddable":true,"href":"https:\/\/ewosbedding.com\/index.php?rest_route=\/wp\/v2\/media\/6487"}],"wp:attachment":[{"href":"https:\/\/ewosbedding.com\/index.php?rest_route=%2Fwp%2Fv2%2Fmedia&parent=6908"}],"wp:term":[{"taxonomy":"product_brand","embeddable":true,"href":"https:\/\/ewosbedding.com\/index.php?rest_route=%2Fwp%2Fv2%2Fproduct_brand&post=6908"},{"taxonomy":"product_cat","embeddable":true,"href":"https:\/\/ewosbedding.com\/index.php?rest_route=%2Fwp%2Fv2%2Fproduct_cat&post=6908"},{"taxonomy":"product_tag","embeddable":true,"href":"https:\/\/ewosbedding.com\/index.php?rest_route=%2Fwp%2Fv2%2Fproduct_tag&post=6908"}],"curies":[{"name":"wp","href":"https:\/\/api.w.org\/{rel}","templated":true}]}}