{"id":6028,"date":"2023-04-03T07:03:02","date_gmt":"2023-04-03T07:03:02","guid":{"rendered":"https:\/\/ewosbedding.com\/?post_type=product&#038;p=6028"},"modified":"2026-02-16T07:01:12","modified_gmt":"2026-02-16T07:01:12","slug":"tivoli","status":"publish","type":"product","link":"https:\/\/ewosbedding.com\/?product=tivoli","title":{"rendered":"Tivoli"},"content":{"rendered":"<p>[vc_row content_placement=&#8221;top&#8221; woodmart_bg_position=&#8221;left-top&#8221; css=&#8221;.vc_custom_1624059291166{margin-bottom: 6vh !important;padding-top: 40px !important;background-image: url(https:\/\/ewosbedding.com\/wp-content\/uploads\/2021\/06\/w-investment-bg-top.svg?id=) !important;background-position: 0 0 !important;background-repeat: no-repeat !important;}&#8221; mobile_bg_img_hidden=&#8221;no&#8221; tablet_bg_img_hidden=&#8221;no&#8221; woodmart_parallax=&#8221;0&#8243; woodmart_gradient_switch=&#8221;no&#8221; row_reverse_mobile=&#8221;1&#8243; row_reverse_tablet=&#8221;1&#8243; woodmart_disable_overflow=&#8221;0&#8243;][vc_column width=&#8221;7\/12&#8243; offset=&#8221;vc_col-lg-7 vc_col-md-6 vc_col-xs-12&#8243; mobile_bg_img_hidden=&#8221;no&#8221; tablet_bg_img_hidden=&#8221;no&#8221; woodmart_parallax=&#8221;0&#8243; woodmart_sticky_column=&#8221;false&#8221; parallax_scroll=&#8221;no&#8221; mobile_reset_margin=&#8221;no&#8221; tablet_reset_margin=&#8221;no&#8221; css=&#8221;.vc_custom_1624212656883{margin-bottom: 4vh !important;padding-top: 0px !important;}&#8221;]\t\n\t\t\t<div id=\"wd-60cd287e4dc44\" class=\"woodmart-text-block-wrapper color-scheme-custom woodmart-title-size-custom woodmart-title-width-90 text-left \">\n\t\t\t\t<div class=\"woodmart-title-container woodmart-text-block font-alt woodmart-font-weight-\">\n\t\t\t\t\t<\/p>\n<h5>\u00d6ZELL\u0130KLER<\/h5>\n<p>\t\t\t\t<\/div>\n\t\t\t\t\t\n\t\t\t<\/div>\n\t\t\t\n\t\t\t<div id=\"wd-642a7e24a46c0\" class=\"woodmart-text-block-wrapper color-scheme- woodmart-title-size-custom woodmart-title-width-90 text-left \">\n\t\t\t\t<div class=\"woodmart-title-container woodmart-text-block font-text woodmart-font-weight-\">\n\t\t\t\t\tTivoli yatak, tasar\u0131m\u0131nda kullan\u0131lan y\u00fcksek yo\u011funluktaki \u00fcst katman\u0131, y\u00fcksek mukavemetli yaylardan olu\u015fan ta\u015f\u0131y\u0131c\u0131 sistemi ile uyku kalitesini artt\u0131r\u0131rken, yata\u011f\u0131n y\u0131llarca deforme olmadan kullan\u0131lmas\u0131n\u0131 sa\u011flar. \u00d6zel olarak kapitone edilmi\u015f pamuklu \u00f6rme kuma\u015f\u0131, s\u00fcrekli hava sirk\u00fclasyonu sa\u011flayarak bakteri olu\u015fumunu \u00f6nler.<\/p>\n<p><em>High density upper layer and spring system which is of high strength and whose number is increased are used in the deisgn <\/em><em>of Tivoli mattress enhances sleeping quality, enables the mattress to be used without deforming for very long years. Cotton <\/em><em>knitted fabric that is specially quilted prevents bacteria growth by prociding air circulation.<\/em>\t\t\t\t<\/div>\n\t\t\t\t\t\n\t\t\t<\/div>\n\t\t[vc_row_inner row_reverse_mobile=&#8221;0&#8243; row_reverse_tablet=&#8221;0&#8243; css=&#8221;.vc_custom_1620831346411{margin-top: 20px !important;}&#8221;][vc_column_inner css=&#8221;.vc_custom_1627383745735{margin-right: 1px !important;padding-top: 0px !important;}&#8221; offset=&#8221;vc_col-lg-12&#8243;]\t\t\t<div class=\"info-box-wrapper \">\n\t\t\t\t<div id=\"wd-642a7e42ed1fe\" class=\" woodmart-info-box text-left box-icon-align-top box-style- color-scheme- woodmart-bg-none box-title-custom \"  >\n\t\t\t\t\t\t\t\t\t\t\t<div class=\"box-icon-wrapper  box-with-icon box-icon-simple\">\n\t\t\t\t\t\t\t<div class=\"info-box-icon\">\n\n\t\t\t\t\t\t\t\n\t\t\t\t\t\t\t\t\t\t\t\t\t\t\t\t\t<img loading=\"lazy\" decoding=\"async\" class=\"info-icon image-1 \" src=\"https:\/\/ewosbedding.com\/wp-content\/uploads\/2023\/04\/Ekran-goruntusu-2023-04-03-114519.jpg\" width=\"495\" height=\"342\" alt=\"Ekran g\u00f6r\u00fcnt\u00fcs\u00fc 2023-04-03 114519\" title=\"Ekran g\u00f6r\u00fcnt\u00fcs\u00fc 2023-04-03 114519\" \/>\t\t\t\t\t\t\t\t\t\t\t\t\t\t\t\t\n\t\t\t\t\t\t\t\n\t\t\t\t\t\t\t<\/div>\n\t\t\t\t\t\t<\/div>\n\t\t\t\t\t\t\t\t\t\t<div class=\"info-box-content\">\n\t\t\t\t\t\t<h4 class=\"info-box-title woodmart-font-weight-600 box-title-style-default font-alt\">\u00c7ift Tarafl\u0131 Kullan\u0131m<\/h4>\t\t\t\t\t\t<div class=\"info-box-inner reset-mb-10\">\n\t\t\t\t\t\t\t<p>Tivoli Yatak her iki taraf\u0131nda kullan\u0131lan Ku\u015ft\u00fcy\u00fc s\u00fcnger, \u00d6rme kuma\u015f ve dolgu malzemeleri sayesinde d\u00f6rt mevsim rahat bir uyku zemini sunar. \u00c7ift tarafl\u0131 kullan\u0131m ise yata\u011f\u0131n\u0131z\u0131n \u00f6mr\u00fcn\u00fc uzatmaya yard\u0131mc\u0131 olur.<\/p>\n<p><strong><em>Double Sided Usage<\/em><\/strong><br \/>\n<em>Sleeping pleasure of different comfort is waiting for you in Love me mattress one side of which is soft and one side of which is hard<\/em><\/p>\n<div id=\"gtx-trans\" style=\"position: absolute; left: 98px; top: 78.6903px;\">\n<div class=\"gtx-trans-icon\"><\/div>\n<\/div>\n<p>\n\t\t\t\t\t\t<\/div>\n\n\t\t\t\t\t\t\t\t\t\t\t\t\n\t\t\t\t\t<\/div>\n\n\t\t\t\t\t\t\t\t\t<\/div>\n\t\t\t<\/div>\n\t\t[\/vc_column_inner][\/vc_row_inner][vc_row_inner row_reverse_mobile=&#8221;0&#8243; row_reverse_tablet=&#8221;0&#8243; css=&#8221;.vc_custom_1624221507986{margin-top: 10px !important;}&#8221;][vc_column_inner width=&#8221;1\/2&#8243; css=&#8221;.vc_custom_1624219603047{margin-right: 2px !important;padding-top: 0px !important;}&#8221; offset=&#8221;vc_col-lg-7&#8243;]\t\t\t<div class=\"info-box-wrapper \">\n\t\t\t\t<div id=\"wd-642a7ff488550\" class=\" woodmart-info-box text-left box-icon-align-right box-style- color-scheme- woodmart-bg-none box-title-custom \"  >\n\t\t\t\t\t\t\t\t\t\t\t<div class=\"box-icon-wrapper  box-with-icon box-icon-simple\">\n\t\t\t\t\t\t\t<div class=\"info-box-icon\">\n\n\t\t\t\t\t\t\t\n\t\t\t\t\t\t\t\t\t\t\t\t\t\t\t\t\t<img loading=\"lazy\" decoding=\"async\" class=\"info-icon image-1 \" src=\"https:\/\/ewosbedding.com\/wp-content\/uploads\/2021\/06\/kustuyu.jpg\" width=\"768\" height=\"550\" alt=\"kustuyu\" title=\"kustuyu\" \/>\t\t\t\t\t\t\t\t\t\t\t\t\t\t\t\t\n\t\t\t\t\t\t\t\n\t\t\t\t\t\t\t<\/div>\n\t\t\t\t\t\t<\/div>\n\t\t\t\t\t\t\t\t\t\t<div class=\"info-box-content\">\n\t\t\t\t\t\t<h4 class=\"info-box-title woodmart-font-weight-600 box-title-style-default font-alt\">Ku\u015f T\u00fcy\u00fc S\u00fcnger<\/h4>\t\t\t\t\t\t<div class=\"info-box-inner reset-mb-10\">\n\t\t\t\t\t\t\t<\/p>\n<div class=\"Informations\">\n<div class=\"icerik\">\n<p>Omurgaya destek veren y\u00fcksek yo\u011funluklu s\u00fcnger<\/p>\n<p><strong><em>Feather Sponge<\/em><\/strong><br \/>\n<em>High density sponge supporting the Backbone<\/em><\/p>\n<\/div>\n<\/div>\n<p>\n\t\t\t\t\t\t<\/div>\n\n\t\t\t\t\t\t\t\t\t\t\t\t\n\t\t\t\t\t<\/div>\n\n\t\t\t\t\t\t\t\t\t<\/div>\n\t\t\t<\/div>\n\t\t[\/vc_column_inner][vc_column_inner width=&#8221;1\/2&#8243; css=&#8221;.vc_custom_1624219614018{margin-left: 2px !important;padding-top: 0px !important;}&#8221; offset=&#8221;vc_col-lg-5&#8243;]\t\t\t<div class=\"info-box-wrapper \">\n\t\t\t\t<div id=\"wd-642a7fbb49cea\" class=\" woodmart-info-box text-left box-icon-align-right box-style- color-scheme- woodmart-bg-none box-title-custom \"  >\n\t\t\t\t\t\t\t\t\t\t\t<div class=\"box-icon-wrapper  box-with-icon box-icon-simple\">\n\t\t\t\t\t\t\t<div class=\"info-box-icon\">\n\n\t\t\t\t\t\t\t\n\t\t\t\t\t\t\t\t\t\t\t\t\t\t\t\t\t<img loading=\"lazy\" decoding=\"async\" class=\"info-icon image-1 \" src=\"https:\/\/ewosbedding.com\/wp-content\/uploads\/2023\/02\/bonel-yay-800x595.jpg\" width=\"800\" height=\"595\" alt=\"bonel yay\" title=\"bonel yay\" \/>\t\t\t\t\t\t\t\t\t\t\t\t\t\t\t\t\n\t\t\t\t\t\t\t\n\t\t\t\t\t\t\t<\/div>\n\t\t\t\t\t\t<\/div>\n\t\t\t\t\t\t\t\t\t\t<div class=\"info-box-content\">\n\t\t\t\t\t\t<h4 class=\"info-box-title woodmart-font-weight-600 box-title-style-default font-alt\">Bonel Yay<\/h4>\t\t\t\t\t\t<div class=\"info-box-inner reset-mb-10\">\n\t\t\t\t\t\t\t<p>Birlikte kullan\u0131ld\u0131\u011f\u0131 dolgu<br \/>\nmalzemesinin uzun<br \/>\n\u00f6m\u00fcrl\u00fc olmas\u0131n\u0131 sa\u011flayan,<br \/>\nyorgunlu\u011fu al\u0131nm\u0131\u015f \u00e7elik<br \/>\ntellerden olu\u015fan, y\u00fcksek<br \/>\nmukavemetli bir yay<br \/>\nsistemidir.<\/p>\n<p><strong><em>Bonnell Spring<\/em><\/strong><br \/>\n<em>It is a high strength spring system that <\/em><em>makes the filling material with which it <\/em><em>is used last long, which consists of steel <\/em><em>wires whose tiredness is removed.<\/em><\/p>\n<p>\n\t\t\t\t\t\t<\/div>\n\n\t\t\t\t\t\t\t\t\t\t\t\t\n\t\t\t\t\t<\/div>\n\n\t\t\t\t\t\t\t\t\t<\/div>\n\t\t\t<\/div>\n\t\t[\/vc_column_inner][\/vc_row_inner][vc_row_inner][vc_column_inner][vc_separator style=&#8221;shadow&#8221;][\/vc_column_inner][\/vc_row_inner][vc_row_inner][vc_column_inner][vc_single_image image=&#8221;6043&#8243; img_size=&#8221;full&#8221; parallax_scroll=&#8221;no&#8221;][\/vc_column_inner][\/vc_row_inner][\/vc_column][vc_column width=&#8221;5\/12&#8243; offset=&#8221;vc_col-lg-5 vc_col-md-6 vc_col-xs-12&#8243; mobile_bg_img_hidden=&#8221;no&#8221; tablet_bg_img_hidden=&#8221;no&#8221; woodmart_parallax=&#8221;0&#8243; woodmart_sticky_column=&#8221;false&#8221; parallax_scroll=&#8221;no&#8221; mobile_reset_margin=&#8221;no&#8221; tablet_reset_margin=&#8221;no&#8221; css=&#8221;.vc_custom_1624221931866{margin-right: 15px !important;margin-bottom: 4vh !important;margin-left: 15px !important;border-top-width: 1px !important;border-right-width: 1px !important;border-bottom-width: 1px !important;border-left-width: 1px !important;padding-top: 20px !important;padding-right: 10px !important;padding-bottom: 20px !important;padding-left: 10px !important;border-left-color: #000000 !important;border-left-style: solid !important;border-right-color: #000000 !important;border-right-style: solid !important;border-top-color: #000000 !important;border-top-style: solid !important;border-bottom-color: #000000 !important;border-bottom-style: solid !important;}&#8221;][vc_row_inner row_reverse_mobile=&#8221;0&#8243; row_reverse_tablet=&#8221;0&#8243; css=&#8221;.vc_custom_1624104352800{padding-top: 10px !important;padding-right: 10px !important;padding-left: 10px !important;}&#8221;][vc_column_inner]\t\n\t\t\t<div id=\"wd-60cddcc219ac7\" class=\"woodmart-text-block-wrapper color-scheme-custom woodmart-title-size-custom woodmart-title-width-90 text-left \">\n\t\t\t\t<div class=\"woodmart-title-container woodmart-text-block font-alt woodmart-font-weight-\">\n\t\t\t\t\t<\/p>\n<h5>K\u0130LOYA G\u00d6RE H\u0130SSED\u0130LEN DE\u011eER<\/h5>\n<p>\t\t\t\t<\/div>\n\t\t\t\t\t\n\t\t\t<\/div>\n\t\t[vc_single_image image=&#8221;6044&#8243; img_size=&#8221;full&#8221; parallax_scroll=&#8221;no&#8221;][vc_single_image image=&#8221;6045&#8243; img_size=&#8221;full&#8221; alignment=&#8221;center&#8221; parallax_scroll=&#8221;no&#8221; css=&#8221;.vc_custom_1680512002688{margin-right: -5px !important;margin-left: -5px !important;}&#8221;][vc_column_text text_larger=&#8221;no&#8221;]<strong>Not: <\/strong>Bu tablo size en uygun yata\u011f\u0131 bulma konusunda %70 oran\u0131nda bilgi verecektir. Tablo da ki de\u011ferler ki\u015filerin al\u0131\u015fkanl\u0131klar\u0131na, boy kilo da\u011f\u0131l\u0131m\u0131na g\u00f6re de\u011fi\u015fiklik g\u00f6sterebilir.[\/vc_column_text][\/vc_column_inner][\/vc_row_inner][\/vc_column][\/vc_row][vc_row full_width=&#8221;stretch_row&#8221; css=&#8221;.vc_custom_1624059490971{padding-top: 8vh !important;background-color: #f7f7f7 !important;}&#8221; mobile_bg_img_hidden=&#8221;no&#8221; tablet_bg_img_hidden=&#8221;no&#8221; woodmart_parallax=&#8221;0&#8243; woodmart_gradient_switch=&#8221;no&#8221; row_reverse_mobile=&#8221;0&#8243; row_reverse_tablet=&#8221;0&#8243; woodmart_disable_overflow=&#8221;0&#8243;][vc_column css=&#8221;.vc_custom_1521449715392{padding-top: 0px !important;}&#8221;]\n\t\t<div id=\"wd-60cd563345d00\" class=\"title-wrapper  woodmart-title-color-default woodmart-title-style-default woodmart-title-width-40 text-left woodmart-title-size-custom vc_custom_1624069718491\">\n\t\t\t\n\t\t\t<div class=\"liner-continer\">\n\t\t\t\t<span class=\"left-line\"><\/span>\n\t\t\t\t<h5 class=\"woodmart-title-container title  woodmart-font-weight-\" >D\u0130\u011eER \u00dcR\u00dcNLER<\/h5>\t\t\t\t\t\t\t\t<span class=\"right-line\"><\/span>\n\t\t\t<\/div>\n\t\t\t\n\t\t\t\n\t\t\t\t\t<\/div>\n\t\t\n\t\t\t\t\t\t<div id=\"carousel-505\" class=\"woodmart-carousel-container  slider-type-product woodmart-carousel-spacing-30 products-bordered-grid\" data-owl-carousel data-wrap=\"no\" data-hide_pagination_control=\"yes\" data-hide_prev_next_buttons=\"no\" data-desktop=\"5\" data-tablet_landscape=\"4\" data-tablet=\"3\" data-mobile=\"2\">\n\t\t\t\t\t\t\t\t\t\t<div class=\"owl-carousel owl-items-lg-5 owl-items-md-4 owl-items-sm-3 owl-items-xs-2\">\n\n\t\t\t\t\t\t\t\t\t<div class=\"slide-product owl-carousel-item\">\n\n\t\t\t\t\t\t\t\t\t\t\t\t\t\t<div class=\"product-grid-item product product-no-swatches woodmart-hover-base product-in-carousel type-product post-3113 status-publish first instock product_cat-komodin has-post-thumbnail shipping-taxable product-type-simple\" data-loop=\"1\" data-id=\"3113\">\n\n\t\n<div class=\"product-wrapper\">\n\t<div class=\"content-product-imagin\"><\/div>\n\t<div class=\"product-element-top\">\n\t\t<a href=\"https:\/\/ewosbedding.com\/?product=lemans-komodin\" class=\"product-image-link\">\n\t\t\t<img loading=\"lazy\" decoding=\"async\" width=\"300\" height=\"300\" src=\"https:\/\/ewosbedding.com\/wp-content\/uploads\/2021\/06\/lemans-3-300x300.jpg\" class=\"attachment-woocommerce_thumbnail size-woocommerce_thumbnail\" alt=\"\" srcset=\"https:\/\/ewosbedding.com\/wp-content\/uploads\/2021\/06\/lemans-3-300x300.jpg 300w, https:\/\/ewosbedding.com\/wp-content\/uploads\/2021\/06\/lemans-3-150x150.jpg 150w, https:\/\/ewosbedding.com\/wp-content\/uploads\/2021\/06\/lemans-3-100x100.jpg 100w\" sizes=\"auto, (max-width: 300px) 100vw, 300px\" \/>\t\t<\/a>\n\t\t\t\t\t<div class=\"hover-img\">\n\t\t\t\t<a href=\"https:\/\/ewosbedding.com\/?product=lemans-komodin\">\n\t\t\t\t\t<img loading=\"lazy\" decoding=\"async\" width=\"300\" height=\"300\" src=\"https:\/\/ewosbedding.com\/wp-content\/uploads\/2021\/06\/LEMANS-1-300x300.jpg\" class=\"attachment-woocommerce_thumbnail size-woocommerce_thumbnail\" alt=\"\" srcset=\"https:\/\/ewosbedding.com\/wp-content\/uploads\/2021\/06\/LEMANS-1-300x300.jpg 300w, https:\/\/ewosbedding.com\/wp-content\/uploads\/2021\/06\/LEMANS-1-150x150.jpg 150w, https:\/\/ewosbedding.com\/wp-content\/uploads\/2021\/06\/LEMANS-1-600x600.jpg 600w, https:\/\/ewosbedding.com\/wp-content\/uploads\/2021\/06\/LEMANS-1-100x100.jpg 100w\" sizes=\"auto, (max-width: 300px) 100vw, 300px\" \/>\t\t\t\t<\/a>\n\t\t\t<\/div>\n\t\t\t\t<div class=\"wrapp-swatches\">\t\t\t<div class=\"woodmart-compare-btn product-compare-button wd-action-btn wd-compare-btn wd-style-icon\">\n\t\t\t\t<a href=\"https:\/\/ewosbedding.com\/?page_id=265\" data-id=\"3113\" data-added-text=\"Kar\u015f\u0131la\u015ft\u0131r\">\n\t\t\t\t\tKar\u015f\u0131la\u015ft\u0131r\t\t\t\t<\/a>\n\t\t\t<\/div>\n\t\t<\/div>\n\t\t\t\t\t<div class=\"quick-shop-wrapper\">\n\t\t\t\t<div class=\"quick-shop-close wd-cross-button wd-size-s wd-with-text-left\"><span>Close<\/span><\/div>\n\t\t\t\t<div class=\"quick-shop-form\">\n\t\t\t\t<\/div>\n\t\t\t<\/div>\n\t\t\t<\/div>\n\n\t<div class=\"product-information\">\n\t\t<h3 class=\"product-title\"><a href=\"https:\/\/ewosbedding.com\/?product=lemans-komodin\">Lemans<\/a><\/h3>\t\t            <div class=\"woodmart-product-cats\">\n                <a href=\"https:\/\/ewosbedding.com\/?product_cat=komodin\" rel=\"tag\">KOMOD\u0130N<\/a>            <\/div>\n\t\t\t\t<div class=\"product-rating-price\">\n\t\t\t<div class=\"wrapp-product-price\">\n\t\t\t\t\n\t\t\t<\/div>\n\t\t<\/div>\n\t\t<div class=\"fade-in-block\">\n\t\t\t<div class=\"hover-content woodmart-more-desc\">\n\t\t\t\t<div class=\"hover-content-inner woodmart-more-desc-inner\">\n\t\t\t\t\t\t\t\t\t<\/div>\n\t\t\t<\/div>\n\t\t\t<div class=\" woodmart-buttons wd-pos-r-t\">\n\t\t\t\t<div class=\"wrap-wishlist-button\">\t\t\t<div class=\"woodmart-wishlist-btn wd-action-btn wd-wishlist-btn wd-style-icon\">\n\t\t\t\t<a href=\"https:\/\/ewosbedding.com\/?page_id=267\" data-key=\"f699bc51f8\" data-product-id=\"3113\" data-added-text=\"\u0130stek Listem\">Listene Ekle<\/a>\n\t\t\t<\/div>\n\t\t<\/div>\n\t\t\t\t<div class=\"woodmart-add-btn wd-action-btn wd-add-cart-btn wd-style-icon\"><a href=\"https:\/\/ewosbedding.com\/?product=lemans-komodin\" data-quantity=\"1\" class=\"button product_type_simple add-to-cart-loop\" data-product_id=\"3113\" data-product_sku=\"52.14.1110.0001\" aria-label=\"&ldquo;Lemans&rdquo; hakk\u0131nda daha fazla bilgi edinin\" rel=\"nofollow\" data-success_message=\"\"><span>Devam\u0131n\u0131 oku<\/span><\/a><\/div>\n\t\t\t\t<div class=\"wrap-quickview-button\"><\/div>\n\t\t\t<\/div>\n\t\t\t\t\t\t\n\t\t\t\t\t<\/div>\n\t<\/div>\n<\/div>\n\n<\/div>\t\n\t\t\t\t\n\t\t\t<\/div>\n\t\t\n\t\t\t\t\t<\/div> <!-- end product-items -->\n\t\t\t\t<\/div> <!-- end #carousel-505 -->\n\n\t\t\t[\/vc_column][\/vc_row]<\/p>\n","protected":false},"excerpt":{"rendered":"<p>[vc_row content_placement=&#8221;top&#8221; woodmart_bg_position=&#8221;left-top&#8221; css=&#8221;.vc_custom_1624059291166{margin-bottom: 6vh !important;padding-top: 40px !important;background-image: url(https:\/\/ewosbedding.com\/wp-content\/uploads\/2021\/06\/w-investment-bg-top.svg?id=) !important;background-position: 0 0 !important;background-repeat: no-repeat !important;}&#8221; mobile_bg_img_hidden=&#8221;no&#8221; tablet_bg_img_hidden=&#8221;no&#8221; woodmart_parallax=&#8221;0&#8243; woodmart_gradient_switch=&#8221;no&#8221; row_reverse_mobile=&#8221;1&#8243;<\/p>\n","protected":false},"featured_media":6040,"template":"","meta":[],"product_brand":[],"product_cat":[50,110],"product_tag":[],"class_list":{"0":"post-6028","1":"product","2":"type-product","3":"status-publish","4":"has-post-thumbnail","6":"product_cat-yataklar","7":"product_cat-classic-seri-yataklar","9":"first","10":"instock","11":"shipping-taxable","12":"product-type-variable"},"_links":{"self":[{"href":"https:\/\/ewosbedding.com\/index.php?rest_route=\/wp\/v2\/product\/6028","targetHints":{"allow":["GET"]}}],"collection":[{"href":"https:\/\/ewosbedding.com\/index.php?rest_route=\/wp\/v2\/product"}],"about":[{"href":"https:\/\/ewosbedding.com\/index.php?rest_route=\/wp\/v2\/types\/product"}],"wp:featuredmedia":[{"embeddable":true,"href":"https:\/\/ewosbedding.com\/index.php?rest_route=\/wp\/v2\/media\/6040"}],"wp:attachment":[{"href":"https:\/\/ewosbedding.com\/index.php?rest_route=%2Fwp%2Fv2%2Fmedia&parent=6028"}],"wp:term":[{"taxonomy":"product_brand","embeddable":true,"href":"https:\/\/ewosbedding.com\/index.php?rest_route=%2Fwp%2Fv2%2Fproduct_brand&post=6028"},{"taxonomy":"product_cat","embeddable":true,"href":"https:\/\/ewosbedding.com\/index.php?rest_route=%2Fwp%2Fv2%2Fproduct_cat&post=6028"},{"taxonomy":"product_tag","embeddable":true,"href":"https:\/\/ewosbedding.com\/index.php?rest_route=%2Fwp%2Fv2%2Fproduct_tag&post=6028"}],"curies":[{"name":"wp","href":"https:\/\/api.w.org\/{rel}","templated":true}]}}