{"id":3005,"date":"2021-06-05T20:20:10","date_gmt":"2021-06-05T20:20:10","guid":{"rendered":"https:\/\/ewosbedding.com\/?post_type=product&#038;p=3005"},"modified":"2026-02-16T06:59:42","modified_gmt":"2026-02-16T06:59:42","slug":"royal-yatak","status":"publish","type":"product","link":"https:\/\/ewosbedding.com\/?product=royal-yatak","title":{"rendered":"Royal"},"content":{"rendered":"<p>[vc_row content_placement=&#8221;top&#8221; woodmart_bg_position=&#8221;left-top&#8221; css=&#8221;.vc_custom_1624059291166{margin-bottom: 6vh !important;padding-top: 40px !important;background-image: url(https:\/\/ewosbedding.com\/wp-content\/uploads\/2021\/06\/w-investment-bg-top.svg?id=) !important;background-position: 0 0 !important;background-repeat: no-repeat !important;}&#8221; mobile_bg_img_hidden=&#8221;no&#8221; tablet_bg_img_hidden=&#8221;no&#8221; woodmart_parallax=&#8221;0&#8243; woodmart_gradient_switch=&#8221;no&#8221; row_reverse_mobile=&#8221;1&#8243; row_reverse_tablet=&#8221;1&#8243; woodmart_disable_overflow=&#8221;0&#8243;][vc_column width=&#8221;7\/12&#8243; offset=&#8221;vc_col-lg-7 vc_col-md-6 vc_col-xs-12&#8243; mobile_bg_img_hidden=&#8221;no&#8221; tablet_bg_img_hidden=&#8221;no&#8221; woodmart_parallax=&#8221;0&#8243; woodmart_sticky_column=&#8221;false&#8221; parallax_scroll=&#8221;no&#8221; mobile_reset_margin=&#8221;no&#8221; tablet_reset_margin=&#8221;no&#8221; css=&#8221;.vc_custom_1624212656883{margin-bottom: 4vh !important;padding-top: 0px !important;}&#8221;]\t\n\t\t\t<div id=\"wd-60cd287e4dc44\" class=\"woodmart-text-block-wrapper color-scheme-custom woodmart-title-size-custom woodmart-title-width-90 text-left \">\n\t\t\t\t<div class=\"woodmart-title-container woodmart-text-block font-alt woodmart-font-weight-\">\n\t\t\t\t\t<\/p>\n<h5>\u00d6ZELL\u0130KLER<\/h5>\n<p>\t\t\t\t<\/div>\n\t\t\t\t\t\n\t\t\t<\/div>\n\t\t\t\n\t\t\t<div id=\"wd-60d9db7af0d41\" class=\"woodmart-text-block-wrapper color-scheme- woodmart-title-size-custom woodmart-title-width-90 text-left \">\n\t\t\t\t<div class=\"woodmart-title-container woodmart-text-block font-text woodmart-font-weight-\">\n\t\t\t\t\t\u00c7ift tarafl\u0131 kullan\u0131labilen Royal yatak, mukavemetli yay sistemi ve zengin dolgu katmanlar\u0131yla v\u00fccudu do\u011fru noktalardan destekleyerek bas\u0131nc\u0131 azalt\u0131r. Sundu\u011fu destek ve konforla olu\u015fan do\u011fal uyku hareketleri sayesinde kaslar\u0131 gev\u015fetir, kaliteli uyku sa\u011flar.\t\t\t\t<\/div>\n\t\t\t\t\t\n\t\t\t<\/div>\n\t\t[vc_row_inner row_reverse_mobile=&#8221;0&#8243; row_reverse_tablet=&#8221;0&#8243; css=&#8221;.vc_custom_1620831346411{margin-top: 20px !important;}&#8221;][vc_column_inner width=&#8221;1\/2&#8243; css=&#8221;.vc_custom_1624219930750{margin-right: 1px !important;padding-top: 0px !important;}&#8221; offset=&#8221;vc_col-lg-7&#8243;]\t\t\t<div class=\"info-box-wrapper \">\n\t\t\t\t<div id=\"wd-610008103f73c\" class=\" woodmart-info-box text-left box-icon-align-left box-style- color-scheme- woodmart-bg-none box-title-custom \"  >\n\t\t\t\t\t\t\t\t\t\t\t<div class=\"box-icon-wrapper  box-with-icon box-icon-simple\">\n\t\t\t\t\t\t\t<div class=\"info-box-icon\">\n\n\t\t\t\t\t\t\t\n\t\t\t\t\t\t\t\t\t\t\t\t\t\t\t\t\t<img loading=\"lazy\" decoding=\"async\" class=\"info-icon image-1 \" src=\"https:\/\/ewosbedding.com\/wp-content\/uploads\/2021\/06\/royal-cift-pedli.jpg\" width=\"768\" height=\"550\" alt=\"royal-cift-pedli\" title=\"royal-cift-pedli\" \/>\t\t\t\t\t\t\t\t\t\t\t\t\t\t\t\t\n\t\t\t\t\t\t\t\n\t\t\t\t\t\t\t<\/div>\n\t\t\t\t\t\t<\/div>\n\t\t\t\t\t\t\t\t\t\t<div class=\"info-box-content\">\n\t\t\t\t\t\t<h4 class=\"info-box-title woodmart-font-weight-600 box-title-style-default font-alt\">\u00c7ift Pedli<\/h4>\t\t\t\t\t\t<div class=\"info-box-inner reset-mb-10\">\n\t\t\t\t\t\t\t<\/p>\n<div class=\"Informations\">\n<div class=\"icerik\">\n<p>Konforu artt\u0131ran iki tarafl\u0131 kal\u0131n ped ile bas\u0131n\u00e7 da\u011f\u0131l\u0131m\u0131 sa\u011flayarak ekstra rahatl\u0131k sunar.<\/p>\n<\/div>\n<\/div>\n<p>\n\t\t\t\t\t\t<\/div>\n\n\t\t\t\t\t\t\t\t\t\t\t\t\n\t\t\t\t\t<\/div>\n\n\t\t\t\t\t\t\t\t\t<\/div>\n\t\t\t<\/div>\n\t\t\t\t\t<div class=\"info-box-wrapper \">\n\t\t\t\t<div id=\"wd-61000839cb0ab\" class=\" woodmart-info-box text-left box-icon-align-left box-style- color-scheme- woodmart-bg-none box-title-custom \"  >\n\t\t\t\t\t\t\t\t\t\t\t<div class=\"box-icon-wrapper  box-with-icon box-icon-simple\">\n\t\t\t\t\t\t\t<div class=\"info-box-icon\">\n\n\t\t\t\t\t\t\t\n\t\t\t\t\t\t\t\t\t\t\t\t\t\t\t\t\t<img loading=\"lazy\" decoding=\"async\" class=\"info-icon image-1 \" src=\"https:\/\/ewosbedding.com\/wp-content\/uploads\/2021\/06\/bonel-yay-1.jpg\" width=\"768\" height=\"550\" alt=\"bonel-yay\" title=\"bonel-yay\" \/>\t\t\t\t\t\t\t\t\t\t\t\t\t\t\t\t\n\t\t\t\t\t\t\t\n\t\t\t\t\t\t\t<\/div>\n\t\t\t\t\t\t<\/div>\n\t\t\t\t\t\t\t\t\t\t<div class=\"info-box-content\">\n\t\t\t\t\t\t<h4 class=\"info-box-title woodmart-font-weight-600 box-title-style-default font-alt\">Bonel Yay<\/h4>\t\t\t\t\t\t<div class=\"info-box-inner reset-mb-10\">\n\t\t\t\t\t\t\t<\/p>\n<div class=\"Informations\">\n<div class=\"icerik\">\n<p>Birlikte kullan\u0131ld\u0131\u011f\u0131 dolgu malzemesinin uzun \u00f6m\u00fcrl\u00fc olmas\u0131n\u0131 sa\u011flayan, yorgunlu\u011fu al\u0131nm\u0131\u015f \u00e7elik tellerden olu\u015fan, y\u00fcksek mukavemetli bir yay sistemidir.<\/p>\n<\/div>\n<\/div>\n<p>\n\t\t\t\t\t\t<\/div>\n\n\t\t\t\t\t\t\t\t\t\t\t\t\n\t\t\t\t\t<\/div>\n\n\t\t\t\t\t\t\t\t\t<\/div>\n\t\t\t<\/div>\n\t\t[\/vc_column_inner][vc_column_inner width=&#8221;1\/2&#8243; css=&#8221;.vc_custom_1624219942397{margin-left: 1px !important;padding-top: 0px !important;}&#8221; offset=&#8221;vc_col-lg-5&#8243;]\t\t\t<div class=\"info-box-wrapper \">\n\t\t\t\t<div id=\"wd-610008dae03bd\" class=\" woodmart-info-box text-left box-icon-align-top box-style- color-scheme- woodmart-bg-none box-title-custom \"  >\n\t\t\t\t\t\t\t\t\t\t\t<div class=\"box-icon-wrapper  box-with-icon box-icon-simple\">\n\t\t\t\t\t\t\t<div class=\"info-box-icon\">\n\n\t\t\t\t\t\t\t\n\t\t\t\t\t\t\t\t\t\t\t\t\t\t\t\t\t<img loading=\"lazy\" decoding=\"async\" class=\"info-icon image-1 \" src=\"https:\/\/ewosbedding.com\/wp-content\/uploads\/2021\/06\/kustuyu.jpg\" width=\"768\" height=\"550\" alt=\"kustuyu\" title=\"kustuyu\" \/>\t\t\t\t\t\t\t\t\t\t\t\t\t\t\t\t\n\t\t\t\t\t\t\t\n\t\t\t\t\t\t\t<\/div>\n\t\t\t\t\t\t<\/div>\n\t\t\t\t\t\t\t\t\t\t<div class=\"info-box-content\">\n\t\t\t\t\t\t<h4 class=\"info-box-title woodmart-font-weight-600 box-title-style-default font-alt\">Ku\u015ft\u00fcy\u00fc S\u00fcnger<\/h4>\t\t\t\t\t\t<div class=\"info-box-inner reset-mb-10\">\n\t\t\t\t\t\t\t<\/p>\n<div class=\"Informations\">\n<div class=\"icerik\">\n<p>Omurgaya destek veren y\u00fcksek yo\u011funluklu s\u00fcnger.<\/p>\n<\/div>\n<\/div>\n<p>\n\t\t\t\t\t\t<\/div>\n\n\t\t\t\t\t\t\t\t\t\t\t\t\n\t\t\t\t\t<\/div>\n\n\t\t\t\t\t\t\t\t\t<\/div>\n\t\t\t<\/div>\n\t\t[\/vc_column_inner][\/vc_row_inner][vc_row_inner][vc_column_inner][vc_separator style=&#8221;shadow&#8221;][\/vc_column_inner][\/vc_row_inner][vc_row_inner][vc_column_inner][vc_single_image image=&#8221;3664&#8243; img_size=&#8221;full&#8221; parallax_scroll=&#8221;no&#8221;][\/vc_column_inner][\/vc_row_inner][\/vc_column][vc_column width=&#8221;5\/12&#8243; offset=&#8221;vc_col-lg-5 vc_col-md-6 vc_col-xs-12&#8243; mobile_bg_img_hidden=&#8221;no&#8221; tablet_bg_img_hidden=&#8221;no&#8221; woodmart_parallax=&#8221;0&#8243; woodmart_sticky_column=&#8221;false&#8221; parallax_scroll=&#8221;no&#8221; mobile_reset_margin=&#8221;no&#8221; tablet_reset_margin=&#8221;no&#8221; css=&#8221;.vc_custom_1624221931866{margin-right: 15px !important;margin-bottom: 4vh !important;margin-left: 15px !important;border-top-width: 1px !important;border-right-width: 1px !important;border-bottom-width: 1px !important;border-left-width: 1px !important;padding-top: 20px !important;padding-right: 10px !important;padding-bottom: 20px !important;padding-left: 10px !important;border-left-color: #000000 !important;border-left-style: solid !important;border-right-color: #000000 !important;border-right-style: solid !important;border-top-color: #000000 !important;border-top-style: solid !important;border-bottom-color: #000000 !important;border-bottom-style: solid !important;}&#8221;][vc_row_inner row_reverse_mobile=&#8221;0&#8243; row_reverse_tablet=&#8221;0&#8243; css=&#8221;.vc_custom_1624104352800{padding-top: 10px !important;padding-right: 10px !important;padding-left: 10px !important;}&#8221;][vc_column_inner]\t\n\t\t\t<div id=\"wd-60cddcc219ac7\" class=\"woodmart-text-block-wrapper color-scheme-custom woodmart-title-size-custom woodmart-title-width-90 text-left \">\n\t\t\t\t<div class=\"woodmart-title-container woodmart-text-block font-alt woodmart-font-weight-\">\n\t\t\t\t\t<\/p>\n<h5>K\u0130LOYA G\u00d6RE H\u0130SSED\u0130LEN DE\u011eER<\/h5>\n<p>\t\t\t\t<\/div>\n\t\t\t\t\t\n\t\t\t<\/div>\n\t\t[vc_single_image image=&#8221;3662&#8243; img_size=&#8221;full&#8221; parallax_scroll=&#8221;no&#8221;][vc_single_image image=&#8221;3663&#8243; img_size=&#8221;full&#8221; alignment=&#8221;center&#8221; parallax_scroll=&#8221;no&#8221; css=&#8221;.vc_custom_1624890219543{margin-right: -5px !important;margin-left: -5px !important;}&#8221;][\/vc_column_inner][\/vc_row_inner][vc_row_inner css=&#8221;.vc_custom_1624221816313{margin-top: 40px !important;padding-top: 35px !important;padding-right: 15px !important;padding-left: 15px !important;}&#8221; row_reverse_mobile=&#8221;0&#8243; row_reverse_tablet=&#8221;0&#8243;][vc_column_inner][vc_column_text text_larger=&#8221;no&#8221;]<strong>Not: <\/strong>Bu tablo size en uygun yata\u011f\u0131 bulma konusunda %70 oran\u0131nda bilgi verecektir. Tablo da ki de\u011ferler ki\u015filerin al\u0131\u015fkanl\u0131klar\u0131na, boy kilo da\u011f\u0131l\u0131m\u0131na g\u00f6re de\u011fi\u015fiklik g\u00f6sterebilir.[\/vc_column_text][\/vc_column_inner][\/vc_row_inner][\/vc_column][\/vc_row][vc_row][vc_column]\n\t\t<div id=\"wd-6437e405eace2\" class=\"title-wrapper  woodmart-title-color-default woodmart-title-style-default woodmart-title-width-100 text-left woodmart-title-size-default \">\n\t\t\t\n\t\t\t<div class=\"liner-continer\">\n\t\t\t\t<span class=\"left-line\"><\/span>\n\t\t\t\t<h4 class=\"woodmart-title-container title  woodmart-font-weight-\" >TAMALAYICI \u00dcR\u00dcNLER<\/h4>\t\t\t\t\t\t\t\t<span class=\"right-line\"><\/span>\n\t\t\t<\/div>\n\t\t\t\n\t\t\t\n\t\t\t\t\t<\/div>\n\t\t\n\t\t<div class=\"woodmart-products-element\"><div class=\"products elements-grid align-items-start row woodmart-products-holder  woodmart-spacing-30 grid-columns-4 pagination-\" data-paged=\"1\" data-atts=\"{&quot;element_title&quot;:&quot;&quot;,&quot;post_type&quot;:&quot;ids&quot;,&quot;layout&quot;:&quot;grid&quot;,&quot;include&quot;:&quot;3139, 5062, 3116&quot;,&quot;custom_query&quot;:&quot;&quot;,&quot;taxonomies&quot;:&quot;&quot;,&quot;pagination&quot;:&quot;&quot;,&quot;items_per_page&quot;:12,&quot;product_hover&quot;:&quot;base&quot;,&quot;spacing&quot;:&quot;30&quot;,&quot;columns&quot;:&quot;4&quot;,&quot;sale_countdown&quot;:&quot;0&quot;,&quot;stock_progress_bar&quot;:&quot;0&quot;,&quot;highlighted_products&quot;:&quot;0&quot;,&quot;products_bordered_grid&quot;:&quot;0&quot;,&quot;offset&quot;:&quot;&quot;,&quot;orderby&quot;:&quot;&quot;,&quot;query_type&quot;:&quot;OR&quot;,&quot;order&quot;:&quot;&quot;,&quot;meta_key&quot;:&quot;&quot;,&quot;exclude&quot;:&quot;&quot;,&quot;class&quot;:&quot;&quot;,&quot;ajax_page&quot;:&quot;&quot;,&quot;speed&quot;:&quot;5000&quot;,&quot;slides_per_view&quot;:&quot;4&quot;,&quot;wrap&quot;:&quot;&quot;,&quot;autoplay&quot;:&quot;no&quot;,&quot;center_mode&quot;:&quot;no&quot;,&quot;hide_pagination_control&quot;:&quot;&quot;,&quot;hide_prev_next_buttons&quot;:&quot;&quot;,&quot;scroll_per_page&quot;:&quot;yes&quot;,&quot;carousel_js_inline&quot;:&quot;no&quot;,&quot;img_size&quot;:&quot;woocommerce_thumbnail&quot;,&quot;force_not_ajax&quot;:&quot;no&quot;,&quot;products_masonry&quot;:&quot;&quot;,&quot;products_different_sizes&quot;:&quot;&quot;,&quot;lazy_loading&quot;:&quot;no&quot;,&quot;scroll_carousel_init&quot;:&quot;no&quot;,&quot;el_class&quot;:&quot;&quot;}\" data-source=\"shortcode\"><div class=\"product-grid-item product product-no-swatches woodmart-hover-base  col-md-3 col-sm-4 col-6 first  type-product post-3139 status-publish first instock product_cat-abajur has-post-thumbnail shipping-taxable product-type-simple\" data-loop=\"1\" data-id=\"3139\">\n\n\t\n<div class=\"product-wrapper\">\n\t<div class=\"content-product-imagin\"><\/div>\n\t<div class=\"product-element-top\">\n\t\t<a href=\"https:\/\/ewosbedding.com\/?product=asos-abajur\" class=\"product-image-link\">\n\t\t\t<img loading=\"lazy\" decoding=\"async\" width=\"300\" height=\"300\" src=\"https:\/\/ewosbedding.com\/wp-content\/uploads\/2021\/06\/ASOS-300x300.jpg\" class=\"attachment-woocommerce_thumbnail size-woocommerce_thumbnail\" alt=\"\" srcset=\"https:\/\/ewosbedding.com\/wp-content\/uploads\/2021\/06\/ASOS-300x300.jpg 300w, https:\/\/ewosbedding.com\/wp-content\/uploads\/2021\/06\/ASOS-150x150.jpg 150w, https:\/\/ewosbedding.com\/wp-content\/uploads\/2021\/06\/ASOS-600x600.jpg 600w, https:\/\/ewosbedding.com\/wp-content\/uploads\/2021\/06\/ASOS-100x100.jpg 100w\" sizes=\"auto, (max-width: 300px) 100vw, 300px\" \/>\t\t<\/a>\n\t\t\t\t<div class=\"wrapp-swatches\">\t\t\t<div class=\"woodmart-compare-btn product-compare-button wd-action-btn wd-compare-btn wd-style-icon\">\n\t\t\t\t<a href=\"https:\/\/ewosbedding.com\/?page_id=265\" data-id=\"3139\" data-added-text=\"Kar\u015f\u0131la\u015ft\u0131r\">\n\t\t\t\t\tKar\u015f\u0131la\u015ft\u0131r\t\t\t\t<\/a>\n\t\t\t<\/div>\n\t\t<\/div>\n\t\t\t\t\t<div class=\"quick-shop-wrapper\">\n\t\t\t\t<div class=\"quick-shop-close wd-cross-button wd-size-s wd-with-text-left\"><span>Close<\/span><\/div>\n\t\t\t\t<div class=\"quick-shop-form\">\n\t\t\t\t<\/div>\n\t\t\t<\/div>\n\t\t\t<\/div>\n\n\t<div class=\"product-information\">\n\t\t<h3 class=\"product-title\"><a href=\"https:\/\/ewosbedding.com\/?product=asos-abajur\">Asos<\/a><\/h3>\t\t            <div class=\"woodmart-product-cats\">\n                <a href=\"https:\/\/ewosbedding.com\/?product_cat=abajur\" rel=\"tag\">ABAJUR<\/a>            <\/div>\n\t\t\t\t<div class=\"product-rating-price\">\n\t\t\t<div class=\"wrapp-product-price\">\n\t\t\t\t\n\t\t\t<\/div>\n\t\t<\/div>\n\t\t<div class=\"fade-in-block\">\n\t\t\t<div class=\"hover-content woodmart-more-desc\">\n\t\t\t\t<div class=\"hover-content-inner woodmart-more-desc-inner\">\n\t\t\t\t\t\t\t\t\t<\/div>\n\t\t\t<\/div>\n\t\t\t<div class=\" wd-bottom-actions\">\n\t\t\t\t<div class=\"wrap-wishlist-button\">\t\t\t<div class=\"woodmart-wishlist-btn wd-action-btn wd-wishlist-btn wd-style-icon\">\n\t\t\t\t<a href=\"https:\/\/ewosbedding.com\/?page_id=267\" data-key=\"147d0900c7\" data-product-id=\"3139\" data-added-text=\"\u0130stek Listem\">Listene Ekle<\/a>\n\t\t\t<\/div>\n\t\t<\/div>\n\t\t\t\t<div class=\"woodmart-add-btn\"><a href=\"https:\/\/ewosbedding.com\/?product=asos-abajur\" data-quantity=\"1\" class=\"button product_type_simple add-to-cart-loop\" data-product_id=\"3139\" data-product_sku=\"53.16.04.02\" aria-label=\"&ldquo;Asos&rdquo; hakk\u0131nda daha fazla bilgi edinin\" rel=\"nofollow\" data-success_message=\"\"><span>Devam\u0131n\u0131 oku<\/span><\/a><\/div>\n\t\t\t\t<div class=\"wrap-quickview-button\"><\/div>\n\t\t\t<\/div>\n\t\t\t\t\t\t\n\t\t\t\t\t<\/div>\n\t<\/div>\n<\/div>\n\n<\/div>\t\n<div class=\"product-grid-item product product-no-swatches woodmart-hover-base  col-md-3 col-sm-4 col-6 type-product post-3116 status-publish instock product_cat-komodin has-post-thumbnail shipping-taxable product-type-simple\" data-loop=\"2\" data-id=\"3116\">\n\n\t\n<div class=\"product-wrapper\">\n\t<div class=\"content-product-imagin\"><\/div>\n\t<div class=\"product-element-top\">\n\t\t<a href=\"https:\/\/ewosbedding.com\/?product=lis-komodin\" class=\"product-image-link\">\n\t\t\t<img loading=\"lazy\" decoding=\"async\" width=\"300\" height=\"300\" src=\"https:\/\/ewosbedding.com\/wp-content\/uploads\/2021\/06\/LIS-3-300x300.jpg\" class=\"attachment-woocommerce_thumbnail size-woocommerce_thumbnail\" alt=\"\" srcset=\"https:\/\/ewosbedding.com\/wp-content\/uploads\/2021\/06\/LIS-3-300x300.jpg 300w, https:\/\/ewosbedding.com\/wp-content\/uploads\/2021\/06\/LIS-3-150x150.jpg 150w, https:\/\/ewosbedding.com\/wp-content\/uploads\/2021\/06\/LIS-3-100x100.jpg 100w\" sizes=\"auto, (max-width: 300px) 100vw, 300px\" \/>\t\t<\/a>\n\t\t\t\t<div class=\"wrapp-swatches\">\t\t\t<div class=\"woodmart-compare-btn product-compare-button wd-action-btn wd-compare-btn wd-style-icon\">\n\t\t\t\t<a href=\"https:\/\/ewosbedding.com\/?page_id=265\" data-id=\"3116\" data-added-text=\"Kar\u015f\u0131la\u015ft\u0131r\">\n\t\t\t\t\tKar\u015f\u0131la\u015ft\u0131r\t\t\t\t<\/a>\n\t\t\t<\/div>\n\t\t<\/div>\n\t\t\t\t\t<div class=\"quick-shop-wrapper\">\n\t\t\t\t<div class=\"quick-shop-close wd-cross-button wd-size-s wd-with-text-left\"><span>Close<\/span><\/div>\n\t\t\t\t<div class=\"quick-shop-form\">\n\t\t\t\t<\/div>\n\t\t\t<\/div>\n\t\t\t<\/div>\n\n\t<div class=\"product-information\">\n\t\t<h3 class=\"product-title\"><a href=\"https:\/\/ewosbedding.com\/?product=lis-komodin\">Lis<\/a><\/h3>\t\t            <div class=\"woodmart-product-cats\">\n                <a href=\"https:\/\/ewosbedding.com\/?product_cat=komodin\" rel=\"tag\">KOMOD\u0130N<\/a>            <\/div>\n\t\t\t\t<div class=\"product-rating-price\">\n\t\t\t<div class=\"wrapp-product-price\">\n\t\t\t\t\n\t\t\t<\/div>\n\t\t<\/div>\n\t\t<div class=\"fade-in-block\">\n\t\t\t<div class=\"hover-content woodmart-more-desc\">\n\t\t\t\t<div class=\"hover-content-inner woodmart-more-desc-inner\">\n\t\t\t\t\t\t\t\t\t<\/div>\n\t\t\t<\/div>\n\t\t\t<div class=\" wd-bottom-actions\">\n\t\t\t\t<div class=\"wrap-wishlist-button\">\t\t\t<div class=\"woodmart-wishlist-btn wd-action-btn wd-wishlist-btn wd-style-icon\">\n\t\t\t\t<a href=\"https:\/\/ewosbedding.com\/?page_id=267\" data-key=\"147d0900c7\" data-product-id=\"3116\" data-added-text=\"\u0130stek Listem\">Listene Ekle<\/a>\n\t\t\t<\/div>\n\t\t<\/div>\n\t\t\t\t<div class=\"woodmart-add-btn\"><a href=\"https:\/\/ewosbedding.com\/?product=lis-komodin\" data-quantity=\"1\" class=\"button product_type_simple add-to-cart-loop\" data-product_id=\"3116\" data-product_sku=\"52.14.991.0001\" aria-label=\"&ldquo;Lis&rdquo; hakk\u0131nda daha fazla bilgi edinin\" rel=\"nofollow\" data-success_message=\"\"><span>Devam\u0131n\u0131 oku<\/span><\/a><\/div>\n\t\t\t\t<div class=\"wrap-quickview-button\"><\/div>\n\t\t\t<\/div>\n\t\t\t\t\t\t\n\t\t\t\t\t<\/div>\n\t<\/div>\n<\/div>\n\n<\/div>\t\n<\/div><\/div>[\/vc_column][\/vc_row]<\/p>\n","protected":false},"excerpt":{"rendered":"<p>[vc_row content_placement=&#8221;top&#8221; woodmart_bg_position=&#8221;left-top&#8221; css=&#8221;.vc_custom_1624059291166{margin-bottom: 6vh !important;padding-top: 40px !important;background-image: url(https:\/\/ewosbedding.com\/wp-content\/uploads\/2021\/06\/w-investment-bg-top.svg?id=) !important;background-position: 0 0 !important;background-repeat: no-repeat !important;}&#8221; mobile_bg_img_hidden=&#8221;no&#8221; tablet_bg_img_hidden=&#8221;no&#8221; woodmart_parallax=&#8221;0&#8243; woodmart_gradient_switch=&#8221;no&#8221; row_reverse_mobile=&#8221;1&#8243;<\/p>\n","protected":false},"featured_media":3847,"template":"","meta":[],"product_brand":[],"product_cat":[50,110],"product_tag":[],"class_list":{"0":"post-3005","1":"product","2":"type-product","3":"status-publish","4":"has-post-thumbnail","6":"product_cat-yataklar","7":"product_cat-classic-seri-yataklar","9":"first","10":"instock","11":"shipping-taxable","12":"product-type-variable"},"_links":{"self":[{"href":"https:\/\/ewosbedding.com\/index.php?rest_route=\/wp\/v2\/product\/3005","targetHints":{"allow":["GET"]}}],"collection":[{"href":"https:\/\/ewosbedding.com\/index.php?rest_route=\/wp\/v2\/product"}],"about":[{"href":"https:\/\/ewosbedding.com\/index.php?rest_route=\/wp\/v2\/types\/product"}],"wp:featuredmedia":[{"embeddable":true,"href":"https:\/\/ewosbedding.com\/index.php?rest_route=\/wp\/v2\/media\/3847"}],"wp:attachment":[{"href":"https:\/\/ewosbedding.com\/index.php?rest_route=%2Fwp%2Fv2%2Fmedia&parent=3005"}],"wp:term":[{"taxonomy":"product_brand","embeddable":true,"href":"https:\/\/ewosbedding.com\/index.php?rest_route=%2Fwp%2Fv2%2Fproduct_brand&post=3005"},{"taxonomy":"product_cat","embeddable":true,"href":"https:\/\/ewosbedding.com\/index.php?rest_route=%2Fwp%2Fv2%2Fproduct_cat&post=3005"},{"taxonomy":"product_tag","embeddable":true,"href":"https:\/\/ewosbedding.com\/index.php?rest_route=%2Fwp%2Fv2%2Fproduct_tag&post=3005"}],"curies":[{"name":"wp","href":"https:\/\/api.w.org\/{rel}","templated":true}]}}