{"id":2961,"date":"2021-06-05T19:52:03","date_gmt":"2021-06-05T19:52:03","guid":{"rendered":"https:\/\/ewosbedding.com\/?post_type=product&#038;p=2961"},"modified":"2026-02-16T06:59:23","modified_gmt":"2026-02-16T06:59:23","slug":"brown-yatak","status":"publish","type":"product","link":"https:\/\/ewosbedding.com\/?product=brown-yatak","title":{"rendered":"Brown"},"content":{"rendered":"<p>[vc_row content_placement=&#8221;top&#8221; woodmart_bg_position=&#8221;left-top&#8221; css=&#8221;.vc_custom_1624059291166{margin-bottom: 6vh !important;padding-top: 40px !important;background-image: url(https:\/\/ewosbedding.com\/wp-content\/uploads\/2021\/06\/w-investment-bg-top.svg?id=) !important;background-position: 0 0 !important;background-repeat: no-repeat !important;}&#8221; mobile_bg_img_hidden=&#8221;no&#8221; tablet_bg_img_hidden=&#8221;no&#8221; woodmart_parallax=&#8221;0&#8243; woodmart_gradient_switch=&#8221;no&#8221; row_reverse_mobile=&#8221;1&#8243; row_reverse_tablet=&#8221;1&#8243; woodmart_disable_overflow=&#8221;0&#8243;][vc_column width=&#8221;7\/12&#8243; offset=&#8221;vc_col-lg-7 vc_col-md-6 vc_col-xs-12&#8243; mobile_bg_img_hidden=&#8221;no&#8221; tablet_bg_img_hidden=&#8221;no&#8221; woodmart_parallax=&#8221;0&#8243; woodmart_sticky_column=&#8221;false&#8221; parallax_scroll=&#8221;no&#8221; mobile_reset_margin=&#8221;no&#8221; tablet_reset_margin=&#8221;no&#8221; css=&#8221;.vc_custom_1624212656883{margin-bottom: 4vh !important;padding-top: 0px !important;}&#8221;]\t\n\t\t\t<div id=\"wd-60cd287e4dc44\" class=\"woodmart-text-block-wrapper color-scheme-custom woodmart-title-size-custom woodmart-title-width-90 text-left \">\n\t\t\t\t<div class=\"woodmart-title-container woodmart-text-block font-alt woodmart-font-weight-\">\n\t\t\t\t\t<\/p>\n<h5>\u00d6ZELL\u0130KLER<\/h5>\n<p>\t\t\t\t<\/div>\n\t\t\t\t\t\n\t\t\t<\/div>\n\t\t\t\n\t\t\t<div id=\"wd-60d990cbc85c3\" class=\"woodmart-text-block-wrapper color-scheme- woodmart-title-size-custom woodmart-title-width-90 text-left \">\n\t\t\t\t<div class=\"woodmart-title-container woodmart-text-block font-text woodmart-font-weight-\">\n\t\t\t\t\tFarkl\u0131 sertlikteki yaylar\u0131n, v\u00fccudun anatomik yap\u0131s\u0131na uygun dizilimiyle olu\u015fturulan 5 b\u00f6lgeli paket yay sistemi ve ekstra konfor i\u00e7in ped k\u0131sm\u0131nda kullan\u0131lan \u00e7ift kat mikro yay sistemi ile \u00fc\u00e7 \u00f6zel katman i\u00e7erir. \u00c7ift \u00e7ekirdek \u00f6zelli\u011fiyle e\u015fler aras\u0131ndaki kilo farkl\u0131l\u0131klar\u0131na \u00e7\u00f6z\u00fcm sunar. Konfor art\u0131r\u0131c\u0131 uyku pedi; v\u00fccudu destekleyerek bas\u0131nc\u0131 ortadan kald\u0131r\u0131r, sa\u011flad\u0131\u011f\u0131 do\u011fal uyku hareketleriyle kaslar\u0131 gev\u015fetir. 160*200 \u00f6l\u00e7\u00fclerinde bir Brown Yatakta 4900 adet yay bulunur.\t\t\t\t<\/div>\n\t\t\t\t\t\n\t\t\t<\/div>\n\t\t[vc_row_inner row_reverse_mobile=&#8221;0&#8243; row_reverse_tablet=&#8221;0&#8243; css=&#8221;.vc_custom_1620831346411{margin-top: 20px !important;}&#8221;][vc_column_inner width=&#8221;1\/2&#8243; css=&#8221;.vc_custom_1624219930750{margin-right: 1px !important;padding-top: 0px !important;}&#8221; offset=&#8221;vc_col-lg-7&#8243;]\t\t\t<div class=\"info-box-wrapper \">\n\t\t\t\t<div id=\"wd-60ffe3598190c\" class=\" woodmart-info-box text-left box-icon-align-left box-style- color-scheme- woodmart-bg-none box-title-custom \"  >\n\t\t\t\t\t\t\t\t\t\t\t<div class=\"box-icon-wrapper  box-with-icon box-icon-simple\">\n\t\t\t\t\t\t\t<div class=\"info-box-icon\">\n\n\t\t\t\t\t\t\t\n\t\t\t\t\t\t\t\t\t\t\t\t\t\t\t\t\t<img loading=\"lazy\" decoding=\"async\" class=\"info-icon image-1 \" src=\"https:\/\/ewosbedding.com\/wp-content\/uploads\/2021\/06\/viscon-kumas-brown.jpg\" width=\"768\" height=\"550\" alt=\"viscon-kumas-brown\" title=\"viscon-kumas-brown\" \/>\t\t\t\t\t\t\t\t\t\t\t\t\t\t\t\t\n\t\t\t\t\t\t\t\n\t\t\t\t\t\t\t<\/div>\n\t\t\t\t\t\t<\/div>\n\t\t\t\t\t\t\t\t\t\t<div class=\"info-box-content\">\n\t\t\t\t\t\t<h4 class=\"info-box-title woodmart-font-weight-600 box-title-style-default font-alt\">Viscon Kuma\u015f<\/h4>\t\t\t\t\t\t<div class=\"info-box-inner reset-mb-10\">\n\t\t\t\t\t\t\t<\/p>\n<div class=\"Informations\">\n<div class=\"icerik\">\n<p>Nem alma \u00f6zelli\u011fiyle v\u00fccudu serin tutan viskon kuma\u015f, yumu\u015fak tu\u015fesiyle y\u00fczeyde daha konforlu bir yap\u0131 sunar.<\/p>\n<\/div>\n<\/div>\n<p>\n\t\t\t\t\t\t<\/div>\n\n\t\t\t\t\t\t\t\t\t\t\t\t\n\t\t\t\t\t<\/div>\n\n\t\t\t\t\t\t\t\t\t<\/div>\n\t\t\t<\/div>\n\t\t[\/vc_column_inner][vc_column_inner width=&#8221;1\/2&#8243; css=&#8221;.vc_custom_1624219942397{margin-left: 1px !important;padding-top: 0px !important;}&#8221; offset=&#8221;vc_col-lg-5&#8243;]\t\t\t<div class=\"info-box-wrapper \">\n\t\t\t\t<div id=\"wd-60ffe3a8ba677\" class=\" woodmart-info-box text-left box-icon-align-right box-style- color-scheme- woodmart-bg-none box-title-custom \"  >\n\t\t\t\t\t\t\t\t\t\t\t<div class=\"box-icon-wrapper  box-with-icon box-icon-simple\">\n\t\t\t\t\t\t\t<div class=\"info-box-icon\">\n\n\t\t\t\t\t\t\t\n\t\t\t\t\t\t\t\t\t\t\t\t\t\t\t\t\t<img loading=\"lazy\" decoding=\"async\" class=\"info-icon image-1 \" src=\"https:\/\/ewosbedding.com\/wp-content\/uploads\/2021\/06\/3-kat-yay-sistemi.jpg\" width=\"768\" height=\"550\" alt=\"3-kat-yay-sistemi\" title=\"3-kat-yay-sistemi\" \/>\t\t\t\t\t\t\t\t\t\t\t\t\t\t\t\t\n\t\t\t\t\t\t\t\n\t\t\t\t\t\t\t<\/div>\n\t\t\t\t\t\t<\/div>\n\t\t\t\t\t\t\t\t\t\t<div class=\"info-box-content\">\n\t\t\t\t\t\t<h4 class=\"info-box-title woodmart-font-weight-600 box-title-style-default font-alt\">3 Kat Yay Sistemi<\/h4>\t\t\t\t\t\t<div class=\"info-box-inner reset-mb-10\">\n\t\t\t\t\t\t\t<\/p>\n<div class=\"Informations\">\n<div class=\"icerik\">\n<p>\u00c7ok k\u00fc\u00e7\u00fck yaylardan olu\u015fan yay teknolojisinde hava ge\u00e7irgenli\u011fi y\u00fcksektir ve y\u00fcksek elastikiyet kabiliyeti sayesinde v\u00fccudu sararak t\u00fcm bas\u0131n\u00e7 noktalar\u0131n\u0131 do\u011fru \u015fekilde destekler.<\/p>\n<\/div>\n<\/div>\n<p>\n\t\t\t\t\t\t<\/div>\n\n\t\t\t\t\t\t\t\t\t\t\t\t\n\t\t\t\t\t<\/div>\n\n\t\t\t\t\t\t\t\t\t<\/div>\n\t\t\t<\/div>\n\t\t[\/vc_column_inner][\/vc_row_inner][vc_row_inner row_reverse_mobile=&#8221;0&#8243; row_reverse_tablet=&#8221;0&#8243; css=&#8221;.vc_custom_1624221507986{margin-top: 10px !important;}&#8221;][vc_column_inner width=&#8221;1\/2&#8243; css=&#8221;.vc_custom_1624219603047{margin-right: 2px !important;padding-top: 0px !important;}&#8221; offset=&#8221;vc_col-lg-7&#8243;]\t\t\t<div class=\"info-box-wrapper \">\n\t\t\t\t<div id=\"wd-60ffe3d1d10f9\" class=\" woodmart-info-box text-left box-icon-align-left box-style- color-scheme- woodmart-bg-none box-title-custom \"  >\n\t\t\t\t\t\t\t\t\t\t\t<div class=\"box-icon-wrapper  box-with-icon box-icon-simple\">\n\t\t\t\t\t\t\t<div class=\"info-box-icon\">\n\n\t\t\t\t\t\t\t\n\t\t\t\t\t\t\t\t\t\t\t\t\t\t\t\t\t<img loading=\"lazy\" decoding=\"async\" class=\"info-icon image-1 \" src=\"https:\/\/ewosbedding.com\/wp-content\/uploads\/2021\/06\/2-kat-ray-sistemi.jpg\" width=\"768\" height=\"550\" alt=\"2-kat-ray-sistemi\" title=\"2-kat-ray-sistemi\" \/>\t\t\t\t\t\t\t\t\t\t\t\t\t\t\t\t\n\t\t\t\t\t\t\t\n\t\t\t\t\t\t\t<\/div>\n\t\t\t\t\t\t<\/div>\n\t\t\t\t\t\t\t\t\t\t<div class=\"info-box-content\">\n\t\t\t\t\t\t<h4 class=\"info-box-title woodmart-font-weight-600 box-title-style-default font-alt\">Mikro Yay<\/h4>\t\t\t\t\t\t<div class=\"info-box-inner reset-mb-10\">\n\t\t\t\t\t\t\t<\/p>\n<div class=\"Informations\">\n<div class=\"icerik\">\n<p>\u00c7aplar\u0131 ve y\u00fckseklikleri k\u00fc\u00e7\u00fclt\u00fclerek m\u00b2\u2019 deki yay say\u0131s\u0131n\u0131 art\u0131ran ayr\u0131 ayr\u0131 paketlenmi\u015f mikro yay sistemi, m\u00fckemmel yo\u011funluklu elastik destek sa\u011flar ve konforludur. Hava ge\u00e7irgenli\u011fi y\u00fcksektir, dayan\u0131kl\u0131d\u0131r.<\/p>\n<\/div>\n<\/div>\n<p>\n\t\t\t\t\t\t<\/div>\n\n\t\t\t\t\t\t\t\t\t\t\t\t\n\t\t\t\t\t<\/div>\n\n\t\t\t\t\t\t\t\t\t<\/div>\n\t\t\t<\/div>\n\t\t[\/vc_column_inner][vc_column_inner width=&#8221;1\/2&#8243; css=&#8221;.vc_custom_1624219614018{margin-left: 2px !important;padding-top: 0px !important;}&#8221; offset=&#8221;vc_col-lg-5&#8243;]\t\t\t<div class=\"info-box-wrapper \">\n\t\t\t\t<div id=\"wd-60cfa48c7433e\" class=\" woodmart-info-box text-left box-icon-align-right box-style- color-scheme- woodmart-bg-none box-title-custom \"  >\n\t\t\t\t\t\t\t\t\t\t\t<div class=\"box-icon-wrapper  box-with-icon box-icon-simple\">\n\t\t\t\t\t\t\t<div class=\"info-box-icon\">\n\n\t\t\t\t\t\t\t\n\t\t\t\t\t\t\t\t\t\t\t\t\t\t\t\t\t<img loading=\"lazy\" decoding=\"async\" class=\"info-icon image-1 \" src=\"https:\/\/ewosbedding.com\/wp-content\/uploads\/2021\/06\/cift-cekirdek-detay-e1624219810417.jpg\" width=\"512\" height=\"549\" alt=\"cift-cekirdek-detay\" title=\"cift-cekirdek-detay\" \/>\t\t\t\t\t\t\t\t\t\t\t\t\t\t\t\t\n\t\t\t\t\t\t\t\n\t\t\t\t\t\t\t<\/div>\n\t\t\t\t\t\t<\/div>\n\t\t\t\t\t\t\t\t\t\t<div class=\"info-box-content\">\n\t\t\t\t\t\t<h4 class=\"info-box-title woodmart-font-weight-600 box-title-style-default font-alt\">\u00c7ift \u00c7ekirdek<\/h4>\t\t\t\t\t\t<div class=\"info-box-inner reset-mb-10\">\n\t\t\t\t\t\t\t<p>E\u015flerin uyku esnas\u0131nda birbirlerinin d\u00f6n\u00fc\u015f hareketlerinden rahats\u0131zl\u0131k duymalar\u0131n\u0131 engeller.<\/p>\n\t\t\t\t\t\t<\/div>\n\n\t\t\t\t\t\t\t\t\t\t\t\t\n\t\t\t\t\t<\/div>\n\n\t\t\t\t\t\t\t\t\t<\/div>\n\t\t\t<\/div>\n\t\t[\/vc_column_inner][\/vc_row_inner][vc_row_inner row_reverse_mobile=&#8221;0&#8243; row_reverse_tablet=&#8221;0&#8243; css=&#8221;.vc_custom_1624221507986{margin-top: 10px !important;}&#8221;][vc_column_inner css=&#8221;.vc_custom_1627382839756{margin-right: 2px !important;padding-top: 0px !important;}&#8221; offset=&#8221;vc_col-lg-12&#8243;]\t\t\t<div class=\"info-box-wrapper \">\n\t\t\t\t<div id=\"wd-60ffe4704114a\" class=\" woodmart-info-box text-left box-icon-align-top box-style- color-scheme- woodmart-bg-none box-title-custom \"  >\n\t\t\t\t\t\t\t\t\t\t\t<div class=\"box-icon-wrapper  box-with-icon box-icon-simple\">\n\t\t\t\t\t\t\t<div class=\"info-box-icon\">\n\n\t\t\t\t\t\t\t\n\t\t\t\t\t\t\t\t\t\t\t\t\t\t\t\t\t<img loading=\"lazy\" decoding=\"async\" class=\"info-icon image-1 \" src=\"https:\/\/ewosbedding.com\/wp-content\/uploads\/2021\/06\/omurga-destekleyen-e1627382860958.jpg\" width=\"768\" height=\"268\" alt=\"omurga-destekleyen\" title=\"omurga-destekleyen\" \/>\t\t\t\t\t\t\t\t\t\t\t\t\t\t\t\t\n\t\t\t\t\t\t\t\n\t\t\t\t\t\t\t<\/div>\n\t\t\t\t\t\t<\/div>\n\t\t\t\t\t\t\t\t\t\t<div class=\"info-box-content\">\n\t\t\t\t\t\t<h4 class=\"info-box-title woodmart-font-weight-600 box-title-style-default font-alt\">Omurgay\u0131 Destekleyen Triplex Spring System<\/h4>\t\t\t\t\t\t<div class=\"info-box-inner reset-mb-10\">\n\t\t\t\t\t\t\t<\/p>\n<div class=\"Informations\">\n<div class=\"icerik\">\n<div class=\"Informations\">\n<div class=\"icerik\">\n<p>Triplex Spring System sayesinde s\u0131rt, bel, boyun ve dizleri en do\u011fru \u015fekilde destekler. Omurga yap\u0131s\u0131n\u0131 dik tutarak omurgaya binen y\u00fck\u00fc en aza indirir.<\/p>\n<\/div>\n<\/div>\n<\/div>\n<\/div>\n<p>\n\t\t\t\t\t\t<\/div>\n\n\t\t\t\t\t\t\t\t\t\t\t\t\n\t\t\t\t\t<\/div>\n\n\t\t\t\t\t\t\t\t\t<\/div>\n\t\t\t<\/div>\n\t\t[\/vc_column_inner][\/vc_row_inner][vc_row_inner][vc_column_inner][vc_separator style=&#8221;shadow&#8221;][\/vc_column_inner][\/vc_row_inner][vc_row_inner][vc_column_inner][vc_single_image image=&#8221;3457&#8243; img_size=&#8221;full&#8221; parallax_scroll=&#8221;no&#8221;][\/vc_column_inner][\/vc_row_inner][\/vc_column][vc_column width=&#8221;5\/12&#8243; offset=&#8221;vc_col-lg-5 vc_col-md-6 vc_col-xs-12&#8243; mobile_bg_img_hidden=&#8221;no&#8221; tablet_bg_img_hidden=&#8221;no&#8221; woodmart_parallax=&#8221;0&#8243; woodmart_sticky_column=&#8221;false&#8221; parallax_scroll=&#8221;no&#8221; mobile_reset_margin=&#8221;no&#8221; tablet_reset_margin=&#8221;no&#8221; css=&#8221;.vc_custom_1624221931866{margin-right: 15px !important;margin-bottom: 4vh !important;margin-left: 15px !important;border-top-width: 1px !important;border-right-width: 1px !important;border-bottom-width: 1px !important;border-left-width: 1px !important;padding-top: 20px !important;padding-right: 10px !important;padding-bottom: 20px !important;padding-left: 10px !important;border-left-color: #000000 !important;border-left-style: solid !important;border-right-color: #000000 !important;border-right-style: solid !important;border-top-color: #000000 !important;border-top-style: solid !important;border-bottom-color: #000000 !important;border-bottom-style: solid !important;}&#8221;][vc_row_inner row_reverse_mobile=&#8221;0&#8243; row_reverse_tablet=&#8221;0&#8243; css=&#8221;.vc_custom_1624104352800{padding-top: 10px !important;padding-right: 10px !important;padding-left: 10px !important;}&#8221;][vc_column_inner]\t\n\t\t\t<div id=\"wd-60cddcc219ac7\" class=\"woodmart-text-block-wrapper color-scheme-custom woodmart-title-size-custom woodmart-title-width-90 text-left \">\n\t\t\t\t<div class=\"woodmart-title-container woodmart-text-block font-alt woodmart-font-weight-\">\n\t\t\t\t\t<\/p>\n<h5>K\u0130LOYA G\u00d6RE H\u0130SSED\u0130LEN DE\u011eER<\/h5>\n<p>\t\t\t\t<\/div>\n\t\t\t\t\t\n\t\t\t<\/div>\n\t\t[vc_single_image image=&#8221;3455&#8243; img_size=&#8221;full&#8221; parallax_scroll=&#8221;no&#8221;][vc_single_image image=&#8221;3456&#8243; img_size=&#8221;full&#8221; alignment=&#8221;center&#8221; parallax_scroll=&#8221;no&#8221; css=&#8221;.vc_custom_1624871098193{margin-right: -5px !important;margin-left: -5px !important;}&#8221;][\/vc_column_inner][\/vc_row_inner][vc_row_inner css=&#8221;.vc_custom_1624221816313{margin-top: 40px !important;padding-top: 35px !important;padding-right: 15px !important;padding-left: 15px !important;}&#8221; row_reverse_mobile=&#8221;0&#8243; row_reverse_tablet=&#8221;0&#8243;][vc_column_inner][vc_column_text text_larger=&#8221;no&#8221;]<strong>Not: <\/strong>Bu tablo size en uygun yata\u011f\u0131 bulma konusunda %70 oran\u0131nda bilgi verecektir. Tablo da ki de\u011ferler ki\u015filerin al\u0131\u015fkanl\u0131klar\u0131na, boy kilo da\u011f\u0131l\u0131m\u0131na g\u00f6re de\u011fi\u015fiklik g\u00f6sterebilir.[\/vc_column_text][\/vc_column_inner][\/vc_row_inner][\/vc_column][\/vc_row]<\/p>\n","protected":false},"excerpt":{"rendered":"<p>[vc_row content_placement=&#8221;top&#8221; woodmart_bg_position=&#8221;left-top&#8221; css=&#8221;.vc_custom_1624059291166{margin-bottom: 6vh !important;padding-top: 40px !important;background-image: url(https:\/\/ewosbedding.com\/wp-content\/uploads\/2021\/06\/w-investment-bg-top.svg?id=) !important;background-position: 0 0 !important;background-repeat: no-repeat !important;}&#8221; mobile_bg_img_hidden=&#8221;no&#8221; tablet_bg_img_hidden=&#8221;no&#8221; woodmart_parallax=&#8221;0&#8243; woodmart_gradient_switch=&#8221;no&#8221; row_reverse_mobile=&#8221;1&#8243;<\/p>\n","protected":false},"featured_media":3811,"template":"","meta":[],"product_brand":[],"product_cat":[50,107],"product_tag":[],"class_list":{"0":"post-2961","1":"product","2":"type-product","3":"status-publish","4":"has-post-thumbnail","6":"product_cat-yataklar","7":"product_cat-selective-seri-yataklar","9":"first","10":"instock","11":"shipping-taxable","12":"product-type-variable"},"_links":{"self":[{"href":"https:\/\/ewosbedding.com\/index.php?rest_route=\/wp\/v2\/product\/2961","targetHints":{"allow":["GET"]}}],"collection":[{"href":"https:\/\/ewosbedding.com\/index.php?rest_route=\/wp\/v2\/product"}],"about":[{"href":"https:\/\/ewosbedding.com\/index.php?rest_route=\/wp\/v2\/types\/product"}],"wp:featuredmedia":[{"embeddable":true,"href":"https:\/\/ewosbedding.com\/index.php?rest_route=\/wp\/v2\/media\/3811"}],"wp:attachment":[{"href":"https:\/\/ewosbedding.com\/index.php?rest_route=%2Fwp%2Fv2%2Fmedia&parent=2961"}],"wp:term":[{"taxonomy":"product_brand","embeddable":true,"href":"https:\/\/ewosbedding.com\/index.php?rest_route=%2Fwp%2Fv2%2Fproduct_brand&post=2961"},{"taxonomy":"product_cat","embeddable":true,"href":"https:\/\/ewosbedding.com\/index.php?rest_route=%2Fwp%2Fv2%2Fproduct_cat&post=2961"},{"taxonomy":"product_tag","embeddable":true,"href":"https:\/\/ewosbedding.com\/index.php?rest_route=%2Fwp%2Fv2%2Fproduct_tag&post=2961"}],"curies":[{"name":"wp","href":"https:\/\/api.w.org\/{rel}","templated":true}]}}