{"id":2951,"date":"2021-06-05T19:47:47","date_gmt":"2021-06-05T19:47:47","guid":{"rendered":"https:\/\/ewosbedding.com\/?post_type=product&#038;p=2951"},"modified":"2026-02-16T06:59:19","modified_gmt":"2026-02-16T06:59:19","slug":"plumy-yatak","status":"publish","type":"product","link":"https:\/\/ewosbedding.com\/?product=plumy-yatak","title":{"rendered":"Plumy"},"content":{"rendered":"<p>[vc_row content_placement=&#8221;top&#8221; woodmart_bg_position=&#8221;left-top&#8221; css=&#8221;.vc_custom_1624059291166{margin-bottom: 6vh !important;padding-top: 40px !important;background-image: url(https:\/\/ewosbedding.com\/wp-content\/uploads\/2021\/06\/w-investment-bg-top.svg?id=) !important;background-position: 0 0 !important;background-repeat: no-repeat !important;}&#8221; mobile_bg_img_hidden=&#8221;no&#8221; tablet_bg_img_hidden=&#8221;no&#8221; woodmart_parallax=&#8221;0&#8243; woodmart_gradient_switch=&#8221;no&#8221; row_reverse_mobile=&#8221;1&#8243; row_reverse_tablet=&#8221;1&#8243; woodmart_disable_overflow=&#8221;0&#8243;][vc_column width=&#8221;7\/12&#8243; offset=&#8221;vc_col-lg-7 vc_col-md-6 vc_col-xs-12&#8243; mobile_bg_img_hidden=&#8221;no&#8221; tablet_bg_img_hidden=&#8221;no&#8221; woodmart_parallax=&#8221;0&#8243; woodmart_sticky_column=&#8221;false&#8221; parallax_scroll=&#8221;no&#8221; mobile_reset_margin=&#8221;no&#8221; tablet_reset_margin=&#8221;no&#8221; css=&#8221;.vc_custom_1624212656883{margin-bottom: 4vh !important;padding-top: 0px !important;}&#8221;]\t\n\t\t\t<div id=\"wd-60cd287e4dc44\" class=\"woodmart-text-block-wrapper color-scheme-custom woodmart-title-size-custom woodmart-title-width-90 text-left \">\n\t\t\t\t<div class=\"woodmart-title-container woodmart-text-block font-alt woodmart-font-weight-\">\n\t\t\t\t\t<\/p>\n<h5>\u00d6ZELL\u0130KLER<\/h5>\n<p>\t\t\t\t<\/div>\n\t\t\t\t\t\n\t\t\t<\/div>\n\t\t\t\n\t\t\t<div id=\"wd-60d9843fd5d1d\" class=\"woodmart-text-block-wrapper color-scheme- woodmart-title-size-custom woodmart-title-width-90 text-left \">\n\t\t\t\t<div class=\"woodmart-title-container woodmart-text-block font-text woodmart-font-weight-\">\n\t\t\t\t\tS\u0131cakl\u0131k de\u011fi\u015fimlerine kar\u015f\u0131 v\u00fccudu koruyan do\u011fal yap\u0131s\u0131yla, uyku i\u00e7in ideal atmosfer sa\u011flayan kaz t\u00fcy\u00fc katman\u0131 destekleyen lateks, \u00e7ift kat paket<br \/>\nyay, Hindistan cevizi lifli ke\u00e7e gibi zengin katmanlardan olu\u015fan Plumy yatak, v\u00fccut yap\u0131s\u0131na uyum sa\u011flayarak kaslar\u0131 rahatlat\u0131r. Re\u00e7etesindeki t\u00fcm malzemelerin hava ge\u00e7irgenlik \u00f6zelli\u011fi sayesinde klima etkisi sa\u011flar, \u0131s\u0131 ve nemi do\u011fal olarak y\u00f6netir.\t\t\t\t<\/div>\n\t\t\t\t\t\n\t\t\t<\/div>\n\t\t[vc_row_inner row_reverse_mobile=&#8221;0&#8243; row_reverse_tablet=&#8221;0&#8243; css=&#8221;.vc_custom_1620831346411{margin-top: 20px !important;}&#8221;][vc_column_inner width=&#8221;1\/2&#8243; css=&#8221;.vc_custom_1624868487329{margin-right: 1px !important;padding-top: 0px !important;}&#8221; offset=&#8221;vc_col-lg-6&#8243;]\t\t\t<div class=\"info-box-wrapper \">\n\t\t\t\t<div id=\"wd-60d986c4c5501\" class=\" woodmart-info-box text-left box-icon-align-left box-style- color-scheme- woodmart-bg-none box-title-custom \"  >\n\t\t\t\t\t\t\t\t\t\t\t<div class=\"box-icon-wrapper  box-with-icon box-icon-simple\">\n\t\t\t\t\t\t\t<div class=\"info-box-icon\">\n\n\t\t\t\t\t\t\t\n\t\t\t\t\t\t\t\t\t\t\t\t\t\t\t\t\t<img loading=\"lazy\" decoding=\"async\" class=\"info-icon image-1 \" src=\"https:\/\/ewosbedding.com\/wp-content\/uploads\/2021\/06\/lateks-icon.jpg\" width=\"768\" height=\"550\" alt=\"lateks-icon\" title=\"lateks-icon\" \/>\t\t\t\t\t\t\t\t\t\t\t\t\t\t\t\t\n\t\t\t\t\t\t\t\n\t\t\t\t\t\t\t<\/div>\n\t\t\t\t\t\t<\/div>\n\t\t\t\t\t\t\t\t\t\t<div class=\"info-box-content\">\n\t\t\t\t\t\t<h4 class=\"info-box-title woodmart-font-weight-600 box-title-style-default font-alt\">Lateks<\/h4>\t\t\t\t\t\t<div class=\"info-box-inner reset-mb-10\">\n\t\t\t\t\t\t\t<p>Genellikle kau\u00e7uk a\u011fac\u0131n\u0131n s\u00fct\u00fcnden elde edildi\u011fi gibi, do\u011fada bulunan bir\u00e7ok bitkinin salg\u0131lad\u0131\u011f\u0131 ve havayla kar\u015f\u0131la\u015ft\u0131\u011f\u0131nda kat\u0131la\u015fan bir bitki \u00f6z\u00fct\u00fcd\u00fcr. Esnek ve darbe emicidir. Kas yap\u0131s\u0131 \u00fczerinde rahatlat\u0131c\u0131 bir etkisi vard\u0131r. Teri emer, koku yapmaz. Yap\u0131s\u0131nda bulunan hava kanallar\u0131 do\u011fal klima g\u00f6revi yaparak v\u00fccudun kuru kalmas\u0131n\u0131, hava almas\u0131n\u0131 sa\u011flar. Mantar, mite ve bakteri olu\u015fumuna imk\u00e2n vermez.<\/p>\n\t\t\t\t\t\t<\/div>\n\n\t\t\t\t\t\t\t\t\t\t\t\t\n\t\t\t\t\t<\/div>\n\n\t\t\t\t\t\t\t\t\t<\/div>\n\t\t\t<\/div>\n\t\t[\/vc_column_inner][vc_column_inner width=&#8221;1\/2&#8243; css=&#8221;.vc_custom_1624868497281{margin-left: 1px !important;padding-top: 0px !important;}&#8221; offset=&#8221;vc_col-lg-6&#8243;]\t\t\t<div class=\"info-box-wrapper \">\n\t\t\t\t<div id=\"wd-60d986e5cfb98\" class=\" woodmart-info-box text-left box-icon-align-right box-style- color-scheme- woodmart-bg-none box-title-custom \"  >\n\t\t\t\t\t\t\t\t\t\t\t<div class=\"box-icon-wrapper  box-with-icon box-icon-simple\">\n\t\t\t\t\t\t\t<div class=\"info-box-icon\">\n\n\t\t\t\t\t\t\t\n\t\t\t\t\t\t\t\t\t\t\t\t\t\t\t\t\t<img loading=\"lazy\" decoding=\"async\" class=\"info-icon image-1 \" src=\"https:\/\/ewosbedding.com\/wp-content\/uploads\/2021\/06\/kaz-tuyu.jpg\" width=\"768\" height=\"550\" alt=\"kaz-tuyu\" title=\"kaz-tuyu\" \/>\t\t\t\t\t\t\t\t\t\t\t\t\t\t\t\t\n\t\t\t\t\t\t\t\n\t\t\t\t\t\t\t<\/div>\n\t\t\t\t\t\t<\/div>\n\t\t\t\t\t\t\t\t\t\t<div class=\"info-box-content\">\n\t\t\t\t\t\t<h4 class=\"info-box-title woodmart-font-weight-600 box-title-style-default font-alt\">Kaz T\u00fcy\u00fc<\/h4>\t\t\t\t\t\t<div class=\"info-box-inner reset-mb-10\">\n\t\t\t\t\t\t\t<p>Do\u011fal yap\u0131s\u0131 s\u0131cakl\u0131k de\u011fi\u015fimlerine kar\u015f\u0131 v\u00fccudu korur, nemi dengeler ve uyku i\u00e7in uygun bir atmosfer olu\u015fturur. Gece boyunca v\u00fccudun terini emer ve g\u00fcnd\u00fcz bu nemi havaya geri p\u00fcsk\u00fcrt\u00fcr. B\u00f6ylelikle bakteri bar\u0131nd\u0131rmaz, koku yapmaz. Olduk\u00e7a iyi \u0131s\u0131 yal\u0131t\u0131m\u0131 sa\u011flar. Y\u0131l boyunca konforludur: Hava so\u011fukken s\u0131cakl\u0131k sa\u011flar, s\u0131cakken serin tutar. T\u00fcy yap\u0131s\u0131 olduk\u00e7a hacimlidir, deformasyona kar\u015f\u0131 y\u00fcksek geri d\u00f6n\u00fc\u015f g\u00f6sterir. Do\u011fru bak\u0131mla uzun y\u0131llar kullan\u0131labilir.<\/p>\n\t\t\t\t\t\t<\/div>\n\n\t\t\t\t\t\t\t\t\t\t\t\t\n\t\t\t\t\t<\/div>\n\n\t\t\t\t\t\t\t\t\t<\/div>\n\t\t\t<\/div>\n\t\t[\/vc_column_inner][\/vc_row_inner][vc_row_inner row_reverse_mobile=&#8221;0&#8243; row_reverse_tablet=&#8221;0&#8243; css=&#8221;.vc_custom_1624221507986{margin-top: 10px !important;}&#8221;][vc_column_inner width=&#8221;1\/2&#8243; css=&#8221;.vc_custom_1624219603047{margin-right: 2px !important;padding-top: 0px !important;}&#8221; offset=&#8221;vc_col-lg-7&#8243;]\t\t\t<div class=\"info-box-wrapper \">\n\t\t\t\t<div id=\"wd-60ffdd1c39d17\" class=\" woodmart-info-box text-left box-icon-align-left box-style- color-scheme- woodmart-bg-none box-title-custom \"  >\n\t\t\t\t\t\t\t\t\t\t\t<div class=\"box-icon-wrapper  box-with-icon box-icon-simple\">\n\t\t\t\t\t\t\t<div class=\"info-box-icon\">\n\n\t\t\t\t\t\t\t\n\t\t\t\t\t\t\t\t\t\t\t\t\t\t\t\t\t<img loading=\"lazy\" decoding=\"async\" class=\"info-icon image-1 \" src=\"https:\/\/ewosbedding.com\/wp-content\/uploads\/2021\/06\/el-yapimi.jpg\" width=\"768\" height=\"550\" alt=\"el-yapimi\" title=\"el-yapimi\" \/>\t\t\t\t\t\t\t\t\t\t\t\t\t\t\t\t\n\t\t\t\t\t\t\t\n\t\t\t\t\t\t\t<\/div>\n\t\t\t\t\t\t<\/div>\n\t\t\t\t\t\t\t\t\t\t<div class=\"info-box-content\">\n\t\t\t\t\t\t<h4 class=\"info-box-title woodmart-font-weight-600 box-title-style-default font-alt\">El Yap\u0131m\u0131<\/h4>\t\t\t\t\t\t<div class=\"info-box-inner reset-mb-10\">\n\t\t\t\t\t\t\t<\/p>\n<div class=\"Informations\">\n<div class=\"icerik\">\n<p>Kapitoneyi olu\u015fturan h\u00fccreler, yap\u0131n\u0131n kendi i\u00e7inde hava s\u00fcrk\u00fcl\u00e2syonunu sa\u011flayaca\u011f\u0131 \u015fekilde, teknik bir formla tek tek elde dikilerek olu\u015fturulur. Her bir h\u00fcc re, e\u015fit miktarda kaz t\u00fcy\u00fc i\u00e7erir.<\/p>\n<\/div>\n<\/div>\n<p>\n\t\t\t\t\t\t<\/div>\n\n\t\t\t\t\t\t\t\t\t\t\t\t\n\t\t\t\t\t<\/div>\n\n\t\t\t\t\t\t\t\t\t<\/div>\n\t\t\t<\/div>\n\t\t[\/vc_column_inner][vc_column_inner width=&#8221;1\/2&#8243; css=&#8221;.vc_custom_1624219614018{margin-left: 2px !important;padding-top: 0px !important;}&#8221; offset=&#8221;vc_col-lg-5&#8243;]\t\t\t<div class=\"info-box-wrapper \">\n\t\t\t\t<div id=\"wd-60ffdd2573d44\" class=\" woodmart-info-box text-left box-icon-align-right box-style- color-scheme- woodmart-bg-none box-title-custom \"  >\n\t\t\t\t\t\t\t\t\t\t\t<div class=\"box-icon-wrapper  box-with-icon box-icon-simple\">\n\t\t\t\t\t\t\t<div class=\"info-box-icon\">\n\n\t\t\t\t\t\t\t\n\t\t\t\t\t\t\t\t\t\t\t\t\t\t\t\t\t<img loading=\"lazy\" decoding=\"async\" class=\"info-icon image-1 \" src=\"https:\/\/ewosbedding.com\/wp-content\/uploads\/2021\/06\/hindistan-cevizi.jpg\" width=\"768\" height=\"550\" alt=\"hindistan-cevizi\" title=\"hindistan-cevizi\" \/>\t\t\t\t\t\t\t\t\t\t\t\t\t\t\t\t\n\t\t\t\t\t\t\t\n\t\t\t\t\t\t\t<\/div>\n\t\t\t\t\t\t<\/div>\n\t\t\t\t\t\t\t\t\t\t<div class=\"info-box-content\">\n\t\t\t\t\t\t<h4 class=\"info-box-title woodmart-font-weight-600 box-title-style-default font-alt\">Hindistan \u00c7evizli Ke\u00e7e<\/h4>\t\t\t\t\t\t<div class=\"info-box-inner reset-mb-10\">\n\t\t\t\t\t\t\t<\/p>\n<div class=\"Informations\">\n<div class=\"icerik\">\n<p>Do\u011fal hipoalerjenik bir malzeme olan hindistance vizi lifi y\u00fcksek mukavemetli, sert ve olduk\u00e7a esnektir. \u0130nsana ve \u00e7evreye zarar vermez. Lifleri sayesinde ide al bir hava sirk\u00fcl\u00e2syonu sa\u011flar.<\/p>\n<\/div>\n<\/div>\n<p>\n\t\t\t\t\t\t<\/div>\n\n\t\t\t\t\t\t\t\t\t\t\t\t\n\t\t\t\t\t<\/div>\n\n\t\t\t\t\t\t\t\t\t<\/div>\n\t\t\t<\/div>\n\t\t[\/vc_column_inner][\/vc_row_inner][vc_row_inner row_reverse_mobile=&#8221;0&#8243; row_reverse_tablet=&#8221;0&#8243; css=&#8221;.vc_custom_1624221507986{margin-top: 10px !important;}&#8221;][vc_column_inner width=&#8221;1\/2&#8243; css=&#8221;.vc_custom_1624219603047{margin-right: 2px !important;padding-top: 0px !important;}&#8221; offset=&#8221;vc_col-lg-7&#8243;]\t\t\t<div class=\"info-box-wrapper \">\n\t\t\t\t<div id=\"wd-60ffdd35cb416\" class=\" woodmart-info-box text-left box-icon-align-left box-style- color-scheme- woodmart-bg-none box-title-custom \"  >\n\t\t\t\t\t\t\t\t\t\t\t<div class=\"box-icon-wrapper  box-with-icon box-icon-simple\">\n\t\t\t\t\t\t\t<div class=\"info-box-icon\">\n\n\t\t\t\t\t\t\t\n\t\t\t\t\t\t\t\t\t\t\t\t\t\t\t\t\t<img loading=\"lazy\" decoding=\"async\" class=\"info-icon image-1 \" src=\"https:\/\/ewosbedding.com\/wp-content\/uploads\/2021\/06\/downproof-kumas.jpg\" width=\"768\" height=\"550\" alt=\"downproof-kumas\" title=\"downproof-kumas\" \/>\t\t\t\t\t\t\t\t\t\t\t\t\t\t\t\t\n\t\t\t\t\t\t\t\n\t\t\t\t\t\t\t<\/div>\n\t\t\t\t\t\t<\/div>\n\t\t\t\t\t\t\t\t\t\t<div class=\"info-box-content\">\n\t\t\t\t\t\t<h4 class=\"info-box-title woodmart-font-weight-600 box-title-style-default font-alt\">Downproof Kuma\u015f<\/h4>\t\t\t\t\t\t<div class=\"info-box-inner reset-mb-10\">\n\t\t\t\t\t\t\t<\/p>\n<div class=\"Informations\">\n<div class=\"icerik\">\n<p>Kaz t\u00fcy\u00fcn\u00fcn d\u0131\u015far\u0131 \u00e7\u0131kmas\u0131n\u0131 \u00f6nlemek amac\u0131yla \u00f6zel bir aprenin uyguland\u0131\u011f\u0131 %100 pamuk kuma\u015ft\u0131r.<\/p>\n<\/div>\n<\/div>\n<p>\n\t\t\t\t\t\t<\/div>\n\n\t\t\t\t\t\t\t\t\t\t\t\t\n\t\t\t\t\t<\/div>\n\n\t\t\t\t\t\t\t\t\t<\/div>\n\t\t\t<\/div>\n\t\t[\/vc_column_inner][vc_column_inner width=&#8221;1\/2&#8243; css=&#8221;.vc_custom_1624219614018{margin-left: 2px !important;padding-top: 0px !important;}&#8221; offset=&#8221;vc_col-lg-5&#8243;]\t\t\t<div class=\"info-box-wrapper \">\n\t\t\t\t<div id=\"wd-60ffdd3eab79f\" class=\" woodmart-info-box text-left box-icon-align-right box-style- color-scheme- woodmart-bg-none box-title-custom \"  >\n\t\t\t\t\t\t\t\t\t\t\t<div class=\"box-icon-wrapper  box-with-icon box-icon-simple\">\n\t\t\t\t\t\t\t<div class=\"info-box-icon\">\n\n\t\t\t\t\t\t\t\n\t\t\t\t\t\t\t\t\t\t\t\t\t\t\t\t\t<img loading=\"lazy\" decoding=\"async\" class=\"info-icon image-1 \" src=\"https:\/\/ewosbedding.com\/wp-content\/uploads\/2021\/06\/iki-kay-yay-sistemi.jpg\" width=\"768\" height=\"550\" alt=\"iki-kay-yay-sistemi\" title=\"iki-kay-yay-sistemi\" \/>\t\t\t\t\t\t\t\t\t\t\t\t\t\t\t\t\n\t\t\t\t\t\t\t\n\t\t\t\t\t\t\t<\/div>\n\t\t\t\t\t\t<\/div>\n\t\t\t\t\t\t\t\t\t\t<div class=\"info-box-content\">\n\t\t\t\t\t\t<h4 class=\"info-box-title woodmart-font-weight-600 box-title-style-default font-alt\">2 Kat Yay Sistemi<\/h4>\t\t\t\t\t\t<div class=\"info-box-inner reset-mb-10\">\n\t\t\t\t\t\t\t<\/p>\n<div class=\"Informations\">\n<div class=\"icerik\">\n<p>Farkl\u0131 y\u00fckseklikte iki ayr\u0131 katman olarak kullan\u0131lan high-low ve 8 cm\u2019lik paket yaylar, her biri birbirin den ba\u011f\u0131ms\u0131z \u00e7al\u0131\u015fma \u00f6zelli\u011fi ile e\u015flerin birbirlerinin d\u00f6n\u00fc\u015f hareketlerinden etkilenmesini \u00f6nler. V\u00fccut yap\u0131s\u0131na elastik destek sa\u011flar, bas\u0131nc\u0131 ortadan kald\u0131r\u0131r.<\/p>\n<\/div>\n<\/div>\n<p>\n\t\t\t\t\t\t<\/div>\n\n\t\t\t\t\t\t\t\t\t\t\t\t\n\t\t\t\t\t<\/div>\n\n\t\t\t\t\t\t\t\t\t<\/div>\n\t\t\t<\/div>\n\t\t[\/vc_column_inner][\/vc_row_inner][vc_row_inner][vc_column_inner][vc_separator style=&#8221;shadow&#8221;][\/vc_column_inner][\/vc_row_inner][vc_row_inner][vc_column_inner][vc_single_image image=&#8221;3423&#8243; img_size=&#8221;full&#8221; parallax_scroll=&#8221;no&#8221;][\/vc_column_inner][\/vc_row_inner][\/vc_column][vc_column width=&#8221;5\/12&#8243; offset=&#8221;vc_col-lg-5 vc_col-md-6 vc_col-xs-12&#8243; mobile_bg_img_hidden=&#8221;no&#8221; tablet_bg_img_hidden=&#8221;no&#8221; woodmart_parallax=&#8221;0&#8243; woodmart_sticky_column=&#8221;false&#8221; parallax_scroll=&#8221;no&#8221; mobile_reset_margin=&#8221;no&#8221; tablet_reset_margin=&#8221;no&#8221; css=&#8221;.vc_custom_1624221931866{margin-right: 15px !important;margin-bottom: 4vh !important;margin-left: 15px !important;border-top-width: 1px !important;border-right-width: 1px !important;border-bottom-width: 1px !important;border-left-width: 1px !important;padding-top: 20px !important;padding-right: 10px !important;padding-bottom: 20px !important;padding-left: 10px !important;border-left-color: #000000 !important;border-left-style: solid !important;border-right-color: #000000 !important;border-right-style: solid !important;border-top-color: #000000 !important;border-top-style: solid !important;border-bottom-color: #000000 !important;border-bottom-style: solid !important;}&#8221;][vc_row_inner row_reverse_mobile=&#8221;0&#8243; row_reverse_tablet=&#8221;0&#8243; css=&#8221;.vc_custom_1624104352800{padding-top: 10px !important;padding-right: 10px !important;padding-left: 10px !important;}&#8221;][vc_column_inner]\t\n\t\t\t<div id=\"wd-60cddcc219ac7\" class=\"woodmart-text-block-wrapper color-scheme-custom woodmart-title-size-custom woodmart-title-width-90 text-left \">\n\t\t\t\t<div class=\"woodmart-title-container woodmart-text-block font-alt woodmart-font-weight-\">\n\t\t\t\t\t<\/p>\n<h5>K\u0130LOYA G\u00d6RE H\u0130SSED\u0130LEN DE\u011eER<\/h5>\n<p>\t\t\t\t<\/div>\n\t\t\t\t\t\n\t\t\t<\/div>\n\t\t[vc_single_image image=&#8221;3421&#8243; img_size=&#8221;full&#8221; parallax_scroll=&#8221;no&#8221;][vc_single_image image=&#8221;3422&#8243; img_size=&#8221;full&#8221; alignment=&#8221;center&#8221; parallax_scroll=&#8221;no&#8221; css=&#8221;.vc_custom_1624867053373{margin-right: -5px !important;margin-left: -5px !important;}&#8221;][\/vc_column_inner][\/vc_row_inner][vc_row_inner css=&#8221;.vc_custom_1624221816313{margin-top: 40px !important;padding-top: 35px !important;padding-right: 15px !important;padding-left: 15px !important;}&#8221; row_reverse_mobile=&#8221;0&#8243; row_reverse_tablet=&#8221;0&#8243;][vc_column_inner][vc_column_text text_larger=&#8221;no&#8221;]<strong>Not: <\/strong>Bu tablo size en uygun yata\u011f\u0131 bulma konusunda %70 oran\u0131nda bilgi verecektir. Tablo da ki de\u011ferler ki\u015filerin al\u0131\u015fkanl\u0131klar\u0131na, boy kilo da\u011f\u0131l\u0131m\u0131na g\u00f6re de\u011fi\u015fiklik g\u00f6sterebilir.[\/vc_column_text][\/vc_column_inner][\/vc_row_inner][\/vc_column][\/vc_row]<\/p>\n","protected":false},"excerpt":{"rendered":"<p>[vc_row content_placement=&#8221;top&#8221; woodmart_bg_position=&#8221;left-top&#8221; css=&#8221;.vc_custom_1624059291166{margin-bottom: 6vh !important;padding-top: 40px !important;background-image: url(https:\/\/ewosbedding.com\/wp-content\/uploads\/2021\/06\/w-investment-bg-top.svg?id=) !important;background-position: 0 0 !important;background-repeat: no-repeat !important;}&#8221; mobile_bg_img_hidden=&#8221;no&#8221; tablet_bg_img_hidden=&#8221;no&#8221; woodmart_parallax=&#8221;0&#8243; woodmart_gradient_switch=&#8221;no&#8221; row_reverse_mobile=&#8221;1&#8243;<\/p>\n","protected":false},"featured_media":3804,"template":"","meta":[],"product_brand":[],"product_cat":[50,107],"product_tag":[],"class_list":{"0":"post-2951","1":"product","2":"type-product","3":"status-publish","4":"has-post-thumbnail","6":"product_cat-yataklar","7":"product_cat-selective-seri-yataklar","9":"first","10":"instock","11":"shipping-taxable","12":"product-type-variable"},"_links":{"self":[{"href":"https:\/\/ewosbedding.com\/index.php?rest_route=\/wp\/v2\/product\/2951","targetHints":{"allow":["GET"]}}],"collection":[{"href":"https:\/\/ewosbedding.com\/index.php?rest_route=\/wp\/v2\/product"}],"about":[{"href":"https:\/\/ewosbedding.com\/index.php?rest_route=\/wp\/v2\/types\/product"}],"wp:featuredmedia":[{"embeddable":true,"href":"https:\/\/ewosbedding.com\/index.php?rest_route=\/wp\/v2\/media\/3804"}],"wp:attachment":[{"href":"https:\/\/ewosbedding.com\/index.php?rest_route=%2Fwp%2Fv2%2Fmedia&parent=2951"}],"wp:term":[{"taxonomy":"product_brand","embeddable":true,"href":"https:\/\/ewosbedding.com\/index.php?rest_route=%2Fwp%2Fv2%2Fproduct_brand&post=2951"},{"taxonomy":"product_cat","embeddable":true,"href":"https:\/\/ewosbedding.com\/index.php?rest_route=%2Fwp%2Fv2%2Fproduct_cat&post=2951"},{"taxonomy":"product_tag","embeddable":true,"href":"https:\/\/ewosbedding.com\/index.php?rest_route=%2Fwp%2Fv2%2Fproduct_tag&post=2951"}],"curies":[{"name":"wp","href":"https:\/\/api.w.org\/{rel}","templated":true}]}}