{"id":6126,"date":"2023-04-12T11:22:43","date_gmt":"2023-04-12T11:22:43","guid":{"rendered":"https:\/\/ewosbedding.com\/?page_id=6126"},"modified":"2023-04-12T11:23:23","modified_gmt":"2023-04-12T11:23:23","slug":"hakkimizda","status":"publish","type":"page","link":"https:\/\/ewosbedding.com\/?page_id=6126","title":{"rendered":"Hakk\u0131m\u0131zda"},"content":{"rendered":"<p>[vc_row][vc_column]\n\t\t<div id=\"wd-64369497e98e8\" class=\"title-wrapper  woodmart-title-color-default woodmart-title-style-default woodmart-title-width-100 text-left woodmart-title-size-medium \">\n\t\t\t\n\t\t\t<div class=\"liner-continer\">\n\t\t\t\t<span class=\"left-line\"><\/span>\n\t\t\t\t<h4 class=\"woodmart-title-container title  woodmart-font-weight-500\" >Hakk\u0131m\u0131zda<\/h4>\t\t\t\t\t\t\t\t<span class=\"right-line\"><\/span>\n\t\t\t<\/div>\n\t\t\t\n\t\t\t\n\t\t\t\t\t<\/div>\n\t\t\n\t\t[vc_column_text text_larger=&#8221;no&#8221;]Hakim Mobilya olarak 1989 y\u0131l\u0131nda metal somya \u00fcretimi ile ba\u015flad\u0131\u011f\u0131m\u0131z yolculu\u011fumuza Kocaeli Gebze ve Bursa \u0130neg\u00f6l fabrikalar\u0131m\u0131zda yayl\u0131, yatak, sand\u0131kl\u0131 baza, karyola, ah\u015fap mobilya ve koltuk \u00fcretimi yaparak devam etmekteyiz.<\/p>\n<p>B\u00fcnyemizde bulunan Ewos Bedding markam\u0131z ile sizlere en iyi uyku deneyimini sunmak \u00fczere gen\u00e7 ve dinamik kadromuzla Yurt \u0130\u00e7i- Yurt D\u0131\u015f\u0131 sekt\u00f6rel geli\u015fmeleri takip ederek var g\u00fcc\u00fcm\u00fczle \u00e7al\u0131\u015fmaktay\u0131z. M\u00fc\u015fterilerimizin talep ve isteklerini yak\u0131ndan takip eden Ewos Bedding, ARGE ve kaliteli \u00fcretime verdi\u011fi \u00f6nemi do\u011fru fiyatlar ile t\u00fcketicilerle bulu\u015fturmay\u0131 misyon edinmi\u015ftir.<\/p>\n<p>Y\u0131llar\u0131n birikimlerini ve deneyimlerini g\u00fcn\u00fcm\u00fcze ta\u015f\u0131yarak,kaliteli \u00fcr\u00fcn ve hizmet anlay\u0131\u015f\u0131n\u0131 sat\u0131\u015f sonras\u0131 hizmet ekibi ile desteklemektedir. Ewos Bedding sekt\u00f6r\u00fcnde kalitesini belirlemi\u015f tedarik\u00e7iler ile \u00e7al\u0131\u015farak son teknoloji makinelerle \u00fcretim yapman\u0131n, kaliteyi ve fonksiyonu bir arada bar\u0131nd\u0131ran geni\u015f \u00fcr\u00fcn yelpazesini yurt i\u00e7indeki ve yurt d\u0131\u015f\u0131ndaki geni\u015f bayi a\u011f\u0131 ile nihai t\u00fcketiciye ula\u015ft\u0131rman\u0131n gururumu ya\u015famaktad\u0131r.<\/p>\n<p>Sayg\u0131lar\u0131m\u0131zla,<\/p>\n<p>Ewos Ekibi<\/p>\n<div id=\"gtx-trans\" style=\"position: absolute; left: 182px; top: 86px;\">\n<div class=\"gtx-trans-icon\"><\/div>\n<\/div>\n<p>[\/vc_column_text][\/vc_column][\/vc_row]<\/p>\n","protected":false},"excerpt":{"rendered":"<p>[vc_row][vc_column][vc_column_text text_larger=&#8221;no&#8221;]Hakim Mobilya olarak 1989 y\u0131l\u0131nda metal somya \u00fcretimi ile ba\u015flad\u0131\u011f\u0131m\u0131z yolculu\u011fumuza Kocaeli Gebze ve Bursa \u0130neg\u00f6l fabrikalar\u0131m\u0131zda yayl\u0131, yatak,<\/p>\n","protected":false},"author":1,"featured_media":0,"parent":0,"menu_order":0,"comment_status":"closed","ping_status":"closed","template":"","meta":{"footnotes":""},"class_list":["post-6126","page","type-page","status-publish","hentry"],"_links":{"self":[{"href":"https:\/\/ewosbedding.com\/index.php?rest_route=\/wp\/v2\/pages\/6126","targetHints":{"allow":["GET"]}}],"collection":[{"href":"https:\/\/ewosbedding.com\/index.php?rest_route=\/wp\/v2\/pages"}],"about":[{"href":"https:\/\/ewosbedding.com\/index.php?rest_route=\/wp\/v2\/types\/page"}],"author":[{"embeddable":true,"href":"https:\/\/ewosbedding.com\/index.php?rest_route=\/wp\/v2\/users\/1"}],"replies":[{"embeddable":true,"href":"https:\/\/ewosbedding.com\/index.php?rest_route=%2Fwp%2Fv2%2Fcomments&post=6126"}],"version-history":[{"count":4,"href":"https:\/\/ewosbedding.com\/index.php?rest_route=\/wp\/v2\/pages\/6126\/revisions"}],"predecessor-version":[{"id":6130,"href":"https:\/\/ewosbedding.com\/index.php?rest_route=\/wp\/v2\/pages\/6126\/revisions\/6130"}],"wp:attachment":[{"href":"https:\/\/ewosbedding.com\/index.php?rest_route=%2Fwp%2Fv2%2Fmedia&parent=6126"}],"curies":[{"name":"wp","href":"https:\/\/api.w.org\/{rel}","templated":true}]}}