{"id":6007,"date":"2023-03-17T13:19:57","date_gmt":"2023-03-17T13:19:57","guid":{"rendered":"https:\/\/ewosbedding.com\/?page_id=6007"},"modified":"2023-03-17T13:19:57","modified_gmt":"2023-03-17T13:19:57","slug":"gizlilik-ve-cerez-politikasi","status":"publish","type":"page","link":"https:\/\/ewosbedding.com\/?page_id=6007","title":{"rendered":"Gizlilik Ve \u00c7erez Politikas\u0131"},"content":{"rendered":"<p>[vc_row][vc_column]\t\t\t<div class=\"info-box-wrapper \">\n\t\t\t\t<div id=\"wd-641468b842f8a\" class=\" woodmart-info-box text-left box-icon-align-top box-style- color-scheme- woodmart-bg-none box-title-default \"  >\n\t\t\t\t\t\t\t\t\t\t<div class=\"info-box-content\">\n\t\t\t\t\t\t<h3 class=\"info-box-title woodmart-font-weight- box-title-style-default\">Gizlilik Ve \u00c7erez Politikas\u0131<\/h3>\t\t\t\t\t\t<div class=\"info-box-inner reset-mb-10\">\n\t\t\t\t\t\t\t<\/p>\n<div id=\"wd-6414683e18f4c\" class=\"title-wrapper woodmart-title-color-alt woodmart-title-style-default woodmart-title-width-100 text-left woodmart-title-size-large \">\n<div class=\"liner-continer\">\n<p class=\"woodmart-title-container title woodmart-font-weight-\"><span style=\"color: #333333; font-size: 16px;\">Ki\u015fisel bilgileriniz kesinlikle \u00fc\u00e7\u00fcnc\u00fc \u015fah\u0131slarla payla\u015f\u0131lmamaktad\u0131r.<\/span><\/p>\n<\/div>\n<\/div>\n<div class=\"vc_row wpb_row vc_inner vc_row-fluid\">\n<div class=\"wpb_column vc_column_container vc_col-sm-12 vc_col-lg-12 vc_col-md-12\">\n<div class=\"vc_column-inner vc_custom_1533045191691\">\n<div class=\"wpb_wrapper\">\n<div class=\"wpb_text_column wpb_content_element vc_custom_1533046029683 text-larger\">\n<div class=\"wpb_wrapper\">\n<p class=\"vc_custom_heading\">*Kullan\u0131c\u0131dan hangi ki\u015fisel bilgilerin topland\u0131\u011f\u0131 : \u00dcyelik sistemi dahilinde, kullan\u0131c\u0131lar\u0131m\u0131zdan adres, telefon, mail adresi, bilgileri, tc kimlik bilgileri, Kredi kart\u0131 bilgileri gibi t\u00fcm ileti\u015fim ve \u00f6deme bilgileri dahil istenmektedir. Bu bilgiler fatura d\u00fczenlenmesi ve sipari\u015flerin m\u00fc\u015fterilere ula\u015ft\u0131r\u0131lmas\u0131 ve \u00fcr\u00fcn tahsilat\u0131 i\u00e7in talep edilmektedir.<br \/>\n* Bu bilgilerin \u015firket taraf\u0131ndan nas\u0131l kullan\u0131laca\u011f\u0131 : Bilgileriniz \u00f6deme, \u00fcr\u00fcn teslimat\u0131 amac\u0131 kullan\u0131lmaktad\u0131r. Bilgileriniz \u015firket b\u00fcnyemizde, g\u00fcvenli olarak, SSL sunucumuzda korunmaktad\u0131r.<br \/>\n* \u015eirketin verileri \u00fc\u00e7\u00fcnc\u00fc taraf \u015firketlere nas\u0131l aktard\u0131\u011f\u0131 : Bilgileriniz tamamen kendi b\u00fcnyemizde, \u00fcr\u00fcn teslimat\u0131 ve m\u00fc\u015fteri \u00f6zl\u00fck bilgileri amac\u0131 dahilinde talep edildi\u011fi i\u00e7in, \u00fc\u00e7\u00fcnc\u00fc ki\u015filer ile kesinlikle payla\u015f\u0131lmaz.<br \/>\n* Bu bilgilerin nas\u0131l de\u011fi\u015ftirilece\u011fi veya silinece\u011fi ya da nas\u0131l kapsam d\u0131\u015f\u0131nda kal\u0131naca\u011f\u0131 : M\u00fc\u015fteri \u00fcyelik bilgilerinde de\u011fi\u015fiklik veya \u00fcyeli\u011fi silme i\u015flemi ile birlikte, t\u00fcm bilgiler kullan\u0131c\u0131n\u0131n talebi ile ger\u00e7ekle\u015fmektedir.<br \/>\n* \u00dcyelik sistemin amac\u0131 : \u00dcyelik sisteminde ama\u00e7, sadece sipari\u015flerin taraf\u0131m\u0131za ula\u015fmas\u0131d\u0131r.<br \/>\n* Web Sitemiz\u2019den yaln\u0131zca \u00fcr\u00fcn\/hizmet ba\u015fvurusu ve bilgi g\u00fcncelleme ama\u00e7l\u0131 bilgi giri\u015fi yap\u0131lmaktad\u0131r.<br \/>\n* Web Sitemiz\u2019e girilen bilgilerin g\u00fcvenli\u011fi a\u00e7\u0131s\u0131ndan firmam\u0131z sistem ve internet altyap\u0131s\u0131 en g\u00fcvenilir seviyede tutularak gerekli \u00f6nlemler al\u0131nm\u0131\u015ft\u0131r. M\u00fc\u015fterilerimizin Web Sitemiz\u2019e \u00fcr\u00fcn\/hizmet ba\u015fvurusu ve bilgi g\u00fcncelleme ama\u00e7l\u0131 girmi\u015f olduklar\u0131 bilgiler di\u011fer internet kullan\u0131c\u0131lar\u0131 taraf\u0131ndan g\u00f6r\u00fcnt\u00fclenemez. M\u00fc\u015fterilerimizin bizimle payla\u015ft\u0131\u011f\u0131 bilgilere izinsiz ula\u015f\u0131m, EWOS personeli dahil olmak \u00fczere k\u0131s\u0131tlanm\u0131\u015ft\u0131r.<br \/>\n* EWOS s\u00f6z konusu bilgileri m\u00fc\u015fterilerin onay\u0131 d\u0131\u015f\u0131nda ya da yasal bir y\u00fck\u00fcml\u00fcl\u00fck alt\u0131nda bulunmad\u0131\u011f\u0131 s\u00fcrece herhangi bir \u00fc\u00e7\u00fcnc\u00fc \u015fah\u0131s, kurum ve kurulu\u015f ile payla\u015fmayacakt\u0131r.<br \/>\n* EWOS bu bilgileri sadece gerekli yetkiler ve yasal d\u00fczenlemeler \u00e7er\u00e7evesinde a\u00e7\u0131klayabilecektir. EWOS \u2018un tabi oldu\u011fu d\u00fczenleyici kurumlar ve\/veya yasama, y\u00fcr\u00fctme organ ve mercileri m\u00fc\u015fteri bilgilerinin a\u00e7\u0131klanmas\u0131n\u0131 istedi\u011finde, EWOS bu bilgileri yaln\u0131zca gerekli yetkiler \u00e7er\u00e7evesinde a\u00e7\u0131klayacakt\u0131r.<br \/>\n* Web Sitemiz di\u011fer web sitelerine link vermektedir. Gizlilik Politikam\u0131z\u2019da yer alan taahh\u00fctlerimiz sadece web sitemiz i\u00e7erisinde ge\u00e7erlidir ve di\u011fer web sitelerini kapsamamaktad\u0131r. Web Sitemiz\u2019den link ile gidilecek di\u011fer web sitelerindeki kullan\u0131m ile ilgili o sitelere ait gizlilik g\u00fcvencesi ve kullan\u0131m \u015fartlar\u0131 ge\u00e7erlidir. Web sitemizden reklam, banner, i\u00e7erik maksatl\u0131 veya ba\u015fka bir maksat ile ge\u00e7ilen di\u011fer web sitelerinin bilgi kullan\u0131m\u0131, etik ilkeleri, gizlilik prensipleri, nitelik ve servis kalitesi ile bu sitelerde olu\u015fabilecek herhangi bir maddi \/ manevi zarar ve kay\u0131plardan EWOS sorumlu de\u011fildir.<br \/>\n* EWOS destek hizmetler almak amac\u0131yla farkl\u0131 kurulu\u015flarla \u00e7al\u0131\u015f\u0131lmas\u0131 durumunda, bu firmalar\u0131n firmam\u0131z\u0131n gizlilik standartlar\u0131na ve \u015fartlar\u0131na uymalar\u0131n\u0131 sa\u011flayacakt\u0131r.<br \/>\n* Web sitemizde yer alan bilgi, materyal ve bunlar\u0131n d\u00fczenlenmesi konusundaki telif haklar\u0131, EWOS\u2019a aittir.<br \/>\n* M\u00fc\u015fterilerimizin ki\u015fisel bilgilerinin gizlili\u011fini korumak amac\u0131yla firmam\u0131z sistem ve internet altyap\u0131s\u0131 en g\u00fcvenilir seviyede tutularak gerekli \u00f6nlemler al\u0131nm\u0131\u015ft\u0131r. Ek olarak bilgi al\u0131nmak istenen konularda firmam\u0131za dan\u0131\u015fmakta teredd\u00fct etmeyiniz.<\/p>\n<\/div>\n<\/div>\n<\/div>\n<\/div>\n<\/div>\n<\/div>\n<p>\n\t\t\t\t\t\t<\/div>\n\n\t\t\t\t\t\t\t\t\t\t\t\t\n\t\t\t\t\t<\/div>\n\n\t\t\t\t\t\t\t\t\t<\/div>\n\t\t\t<\/div>\n\t\t[\/vc_column][\/vc_row]<\/p>\n","protected":false},"excerpt":{"rendered":"<p>[vc_row][vc_column][\/vc_column][\/vc_row]<\/p>\n","protected":false},"author":1,"featured_media":0,"parent":0,"menu_order":0,"comment_status":"closed","ping_status":"closed","template":"","meta":{"footnotes":""},"class_list":["post-6007","page","type-page","status-publish","hentry"],"_links":{"self":[{"href":"https:\/\/ewosbedding.com\/index.php?rest_route=\/wp\/v2\/pages\/6007","targetHints":{"allow":["GET"]}}],"collection":[{"href":"https:\/\/ewosbedding.com\/index.php?rest_route=\/wp\/v2\/pages"}],"about":[{"href":"https:\/\/ewosbedding.com\/index.php?rest_route=\/wp\/v2\/types\/page"}],"author":[{"embeddable":true,"href":"https:\/\/ewosbedding.com\/index.php?rest_route=\/wp\/v2\/users\/1"}],"replies":[{"embeddable":true,"href":"https:\/\/ewosbedding.com\/index.php?rest_route=%2Fwp%2Fv2%2Fcomments&post=6007"}],"version-history":[{"count":2,"href":"https:\/\/ewosbedding.com\/index.php?rest_route=\/wp\/v2\/pages\/6007\/revisions"}],"predecessor-version":[{"id":6011,"href":"https:\/\/ewosbedding.com\/index.php?rest_route=\/wp\/v2\/pages\/6007\/revisions\/6011"}],"wp:attachment":[{"href":"https:\/\/ewosbedding.com\/index.php?rest_route=%2Fwp%2Fv2%2Fmedia&parent=6007"}],"curies":[{"name":"wp","href":"https:\/\/api.w.org\/{rel}","templated":true}]}}